{"id":2,"date":"2024-02-28T14:47:23","date_gmt":"2024-02-28T13:47:23","guid":{"rendered":"http:\/\/hzrxhym.cluster029.hosting.ovh.net\/?page_id=2"},"modified":"2024-07-15T15:49:45","modified_gmt":"2024-07-15T13:49:45","slug":"page-d-exemple","status":"publish","type":"page","link":"https:\/\/www.fnath-montpellier.fr\/","title":{"rendered":"Accueil"},"content":{"rendered":"\n<p>Nous vous souhaitons la Bienvenue sur notre site qui, nous l&rsquo;esp\u00e9rons, vous sera tr\u00e8s utile dans vos d\u00e9marches.<\/p>\n\n\n\n<p>Nous accompagnons les personnes victimes d\u2019accidents de la vie&nbsp;; en particulier d\u2019accident du travail ou de maladie professionnelle.&nbsp;Notre \u00e9quipe de juristes est en mesure de prendre en charge un dossier dans sa globalit\u00e9&nbsp;:&nbsp; de la contestation \u00e0 la plaidoirie devant le Tribunal Judiciaire \u2013 P\u00f4le social.<\/p>\n\n\n\n<p>Nous vous accompagnons aussi dans les d\u00e9marches li\u00e9es \u00e0 votre handicap&nbsp;: appui au montage de dossier MDPH\u2026<\/p>\n\n\n\n<p class=\"has-text-align-center\">Pour savoir si nous pouvons vous aider, nous vous invitons \u00e0 nous contacter <br>par t\u00e9l\u00e9phone <strong>au 04 67 65 13 70\u00a0, <\/strong><br><strong>par mail<a href=\"contact@fnath-montpellier.fr\" data-type=\"link\" data-id=\"contact@fnath-montpellier.fr\"> contact@fnath-montpellier.fr<\/a><\/strong><br>Si vous pr\u00e9f\u00e9rez un contact direct par chat avec un de nos b\u00e9n\u00e9voles , cliquez sur l&rsquo;icone ou sur le lien suivant :<\/p>\n\n\n<div class=\"wp-block-image\">\n<figure class=\"aligncenter size-full is-resized\"><a href=\"https:\/\/1828.3cx.cloud\/fnathmontpelliercent\"><img loading=\"lazy\" decoding=\"async\" width=\"536\" height=\"540\" src=\"https:\/\/www.fnath-montpellier.fr\/wp-content\/uploads\/2024\/07\/chat-direct-service.gif\" alt=\"\" class=\"wp-image-641\" style=\"width:103px;height:auto\"\/><\/a><\/figure>\n<\/div>\n\n\n<p class=\"has-text-align-center\"><strong>Contact par chat : <\/strong><a href=\"https:\/\/1828.3cx.cloud\/fnathmontpelliercent\"><strong>Live Chat avec 3CX<\/strong><\/a><\/p>\n\n\n\n<p class=\"has-text-align-center\"> Sinon vous pouvez nous contacter ou par courrier postal :<br><strong>FNATH Montpellier-Centre H\u00e9rault<\/strong><br><em>1400 rue de la Castelle<\/em><br><strong>34070 MONTPELLIER<\/strong><\/p>\n\n\n<div class=\"wp-block-image\">\n<figure class=\"aligncenter size-large is-resized\"><img loading=\"lazy\" decoding=\"async\" width=\"986\" height=\"1024\" src=\"https:\/\/www.fnath-montpellier.fr\/wp-content\/uploads\/2024\/03\/fnathy_InPixio-986x1024.png\" alt=\"\" class=\"wp-image-226\" style=\"width:237px;height:auto\" srcset=\"https:\/\/www.fnath-montpellier.fr\/wp-content\/uploads\/2024\/03\/fnathy_InPixio-986x1024.png 986w, https:\/\/www.fnath-montpellier.fr\/wp-content\/uploads\/2024\/03\/fnathy_InPixio-289x300.png 289w, https:\/\/www.fnath-montpellier.fr\/wp-content\/uploads\/2024\/03\/fnathy_InPixio-768x798.png 768w, https:\/\/www.fnath-montpellier.fr\/wp-content\/uploads\/2024\/03\/fnathy_InPixio.png 1232w\" sizes=\"auto, (max-width: 986px) 100vw, 986px\" \/><figcaption class=\"wp-element-caption\"><strong>Fnathy<\/strong> : mascotte de la FNATH vendue au profit des enfants hospitalis\u00e9s<\/figcaption><\/figure>\n<\/div>\n\n\n<p>Ce site est aussi l&rsquo;occasion pour nous de vous pr\u00e9senter la FNATH qui n&rsquo;est malheureusement pas suffisamment connue du \u00ab\u00a0grand public\u00a0\u00bb. On ne s&rsquo;y int\u00e9resse que lorsqu&rsquo;on est concern\u00e9 directement et malheureusement quelques fois c&rsquo;est trop tard.<\/p>\n\n\n\n<p>La FNATH est engag\u00e9e sur tous les faits d\u2019actualit\u00e9 : accidents collectifs ou maladies professionnelles<br>Elle est le Porte Parole des Accident\u00e9s de la Vie (civils ou militaires)<br>C&rsquo;est une Association Loi 1901 qui est reconnue d\u2019<strong>Utilit\u00e9 Publique<\/strong> par d\u00e9cret depuis le 02 aout 2005, mais elle existe depuis 1921 (nous venons de f\u00eater les 100 ans)<br>Elle Collabore avec le Secr\u00e9tariat d\u2019Etat charg\u00e9 des Personnes Handicap\u00e9es, car elle f\u00e9d\u00e8re plus de mille sections \u00e0 travers la France enti\u00e8re.<\/p>\n\n\n<div class=\"wp-block-image is-style-default\">\n<figure class=\"aligncenter size-full is-resized\"><img loading=\"lazy\" decoding=\"async\" width=\"793\" height=\"1024\" src=\"https:\/\/www.fnath-montpellier.fr\/wp-content\/uploads\/2024\/03\/Timbres-Devise-793x1024-1.jpg\" alt=\"\" class=\"wp-image-133\" style=\"width:275px;height:auto\" srcset=\"https:\/\/www.fnath-montpellier.fr\/wp-content\/uploads\/2024\/03\/Timbres-Devise-793x1024-1.jpg 793w, https:\/\/www.fnath-montpellier.fr\/wp-content\/uploads\/2024\/03\/Timbres-Devise-793x1024-1-232x300.jpg 232w, https:\/\/www.fnath-montpellier.fr\/wp-content\/uploads\/2024\/03\/Timbres-Devise-793x1024-1-768x992.jpg 768w\" sizes=\"auto, (max-width: 793px) 100vw, 793px\" \/><\/figure>\n<\/div>\n\n<div class=\"wp-block-image\">\n<figure class=\"aligncenter size-large is-resized\"><img loading=\"lazy\" decoding=\"async\" width=\"1024\" height=\"355\" src=\"https:\/\/www.fnath-montpellier.fr\/wp-content\/uploads\/2024\/03\/picto-horizontal-1024x355.png\" alt=\"\" class=\"wp-image-151\" style=\"width:375px\" srcset=\"https:\/\/www.fnath-montpellier.fr\/wp-content\/uploads\/2024\/03\/picto-horizontal-1024x355.png 1024w, https:\/\/www.fnath-montpellier.fr\/wp-content\/uploads\/2024\/03\/picto-horizontal-300x104.png 300w, https:\/\/www.fnath-montpellier.fr\/wp-content\/uploads\/2024\/03\/picto-horizontal-768x266.png 768w, https:\/\/www.fnath-montpellier.fr\/wp-content\/uploads\/2024\/03\/picto-horizontal-1536x532.png 1536w, https:\/\/www.fnath-montpellier.fr\/wp-content\/uploads\/2024\/03\/picto-horizontal.png 2048w\" sizes=\"auto, (max-width: 1024px) 100vw, 1024px\" \/><\/figure>\n<\/div>\n\n\n<p class=\"has-small-font-size\">Toutes les images du site proviennent des sources de la FNATH ou recueillies sur internet. <br>Nous pouvons retirer celles qui sont soumises \u00e0 droits d&rsquo;auteur sur demande expresse de l&rsquo;auteur. Ces images ont un but \u00e9ducatif et non commercial.<\/p>\n","protected":false},"excerpt":{"rendered":"<p>Nous vous souhaitons la Bienvenue sur notre site qui, nous l&rsquo;esp\u00e9rons, vous sera tr\u00e8s utile dans vos d\u00e9marches. Nous accompagnons<\/p>\n","protected":false},"author":1,"featured_media":0,"parent":0,"menu_order":0,"comment_status":"closed","ping_status":"open","template":"","meta":{"footnotes":""},"class_list":["post-2","page","type-page","status-publish","hentry","comments-off"],"_links":{"self":[{"href":"https:\/\/www.fnath-montpellier.fr\/index.php\/wp-json\/wp\/v2\/pages\/2","targetHints":{"allow":["GET"]}}],"collection":[{"href":"https:\/\/www.fnath-montpellier.fr\/index.php\/wp-json\/wp\/v2\/pages"}],"about":[{"href":"https:\/\/www.fnath-montpellier.fr\/index.php\/wp-json\/wp\/v2\/types\/page"}],"author":[{"embeddable":true,"href":"https:\/\/www.fnath-montpellier.fr\/index.php\/wp-json\/wp\/v2\/users\/1"}],"replies":[{"embeddable":true,"href":"https:\/\/www.fnath-montpellier.fr\/index.php\/wp-json\/wp\/v2\/comments?post=2"}],"version-history":[{"count":24,"href":"https:\/\/www.fnath-montpellier.fr\/index.php\/wp-json\/wp\/v2\/pages\/2\/revisions"}],"predecessor-version":[{"id":645,"href":"https:\/\/www.fnath-montpellier.fr\/index.php\/wp-json\/wp\/v2\/pages\/2\/revisions\/645"}],"wp:attachment":[{"href":"https:\/\/www.fnath-montpellier.fr\/index.php\/wp-json\/wp\/v2\/media?parent=2"}],"curies":[{"name":"wp","href":"https:\/\/api.w.org\/{rel}","templated":true}]}}