{"id":236,"date":"2024-03-16T14:50:37","date_gmt":"2024-03-16T13:50:37","guid":{"rendered":"https:\/\/www.fnath-montpellier.fr\/?page_id=236"},"modified":"2024-03-18T18:19:41","modified_gmt":"2024-03-18T17:19:41","slug":"notre-histoire","status":"publish","type":"page","link":"https:\/\/www.fnath-montpellier.fr\/index.php\/notre-histoire\/","title":{"rendered":"Notre Histoire"},"content":{"rendered":"\n<p>Les contestations existent depuis la nuit des temps, nous en avons fait un petit r\u00e9sum\u00e9 en r\u00e9coltant les infos en grande partie sur WIKIPEDIA et d&rsquo;autres sites.<br>La page <strong>Historique<\/strong> r\u00e9sume bien les \u00e9v\u00e8nements qui ont conduit \u00e0 l&rsquo;aboutissement de la cr\u00e9ation de la FNATH. <\/p>\n\n\n\n<p>La page <strong>\u00ab\u00a0La FNATH\u00a0\u00bb <\/strong>est un recueil puis\u00e9 dans les archives de la FNATH et nous remercions le service communication ainsi que les diff\u00e9rentes Sections qui nous ont transmis les infos et visuels<\/p>\n\n\n<div class=\"wp-block-image\">\n<figure class=\"aligncenter size-large is-resized\"><img loading=\"lazy\" decoding=\"async\" width=\"1024\" height=\"355\" src=\"https:\/\/www.fnath-montpellier.fr\/wp-content\/uploads\/2024\/03\/picto-horizontal-1024x355.png\" alt=\"\" class=\"wp-image-151\" style=\"width:362px;height:auto\" srcset=\"https:\/\/www.fnath-montpellier.fr\/wp-content\/uploads\/2024\/03\/picto-horizontal-1024x355.png 1024w, https:\/\/www.fnath-montpellier.fr\/wp-content\/uploads\/2024\/03\/picto-horizontal-300x104.png 300w, https:\/\/www.fnath-montpellier.fr\/wp-content\/uploads\/2024\/03\/picto-horizontal-768x266.png 768w, https:\/\/www.fnath-montpellier.fr\/wp-content\/uploads\/2024\/03\/picto-horizontal-1536x532.png 1536w, https:\/\/www.fnath-montpellier.fr\/wp-content\/uploads\/2024\/03\/picto-horizontal.png 2048w\" sizes=\"auto, (max-width: 1024px) 100vw, 1024px\" \/><\/figure>\n<\/div>","protected":false},"excerpt":{"rendered":"<p>Les contestations existent depuis la nuit des temps, nous en avons fait un petit r\u00e9sum\u00e9 en r\u00e9coltant les infos en<\/p>\n","protected":false},"author":1,"featured_media":0,"parent":0,"menu_order":0,"comment_status":"closed","ping_status":"closed","template":"","meta":{"footnotes":""},"class_list":["post-236","page","type-page","status-publish","hentry","comments-off"],"_links":{"self":[{"href":"https:\/\/www.fnath-montpellier.fr\/index.php\/wp-json\/wp\/v2\/pages\/236","targetHints":{"allow":["GET"]}}],"collection":[{"href":"https:\/\/www.fnath-montpellier.fr\/index.php\/wp-json\/wp\/v2\/pages"}],"about":[{"href":"https:\/\/www.fnath-montpellier.fr\/index.php\/wp-json\/wp\/v2\/types\/page"}],"author":[{"embeddable":true,"href":"https:\/\/www.fnath-montpellier.fr\/index.php\/wp-json\/wp\/v2\/users\/1"}],"replies":[{"embeddable":true,"href":"https:\/\/www.fnath-montpellier.fr\/index.php\/wp-json\/wp\/v2\/comments?post=236"}],"version-history":[{"count":4,"href":"https:\/\/www.fnath-montpellier.fr\/index.php\/wp-json\/wp\/v2\/pages\/236\/revisions"}],"predecessor-version":[{"id":254,"href":"https:\/\/www.fnath-montpellier.fr\/index.php\/wp-json\/wp\/v2\/pages\/236\/revisions\/254"}],"wp:attachment":[{"href":"https:\/\/www.fnath-montpellier.fr\/index.php\/wp-json\/wp\/v2\/media?parent=236"}],"curies":[{"name":"wp","href":"https:\/\/api.w.org\/{rel}","templated":true}]}}