{"id":262,"date":"2024-03-21T18:18:55","date_gmt":"2024-03-21T17:18:55","guid":{"rendered":"https:\/\/www.fnath-montpellier.fr\/?page_id=262"},"modified":"2025-08-16T10:52:18","modified_gmt":"2025-08-16T08:52:18","slug":"demande-rqth-2","status":"publish","type":"page","link":"https:\/\/www.fnath-montpellier.fr\/index.php\/demande-rqth-2\/","title":{"rendered":"Demande RQTH"},"content":{"rendered":"\n<p class=\"has-tertiary-color has-text-color has-link-color has-medium-font-size wp-elements-655c644c9158bceaecd1d38b39c26fd5\"><strong>A quoi sert la RQTH ?<\/strong><\/p>\n\n\n\n<p>La <strong>RQTH <\/strong>est la <strong>R<\/strong>econnaissance de la <strong>Q<\/strong>ualit\u00e9 de <strong>T<\/strong>ravailleur <strong>H<\/strong>andicap\u00e9.<\/p>\n\n\n\n<p>La RQTH sert \u00e0 montrer que vous pouvez travailler mais que vous ne pouvez pas faire certaines choses \u00e0 cause de votre handicap.<\/p>\n\n\n\n<p><strong>La RQTH sert \u00e0 montrer que vous \u00eates handicap\u00e9 :<\/strong><\/p>\n\n\n\n<ul class=\"wp-block-list\">\n<li style=\"line-height:1.3\">\u00e0 votre chef<\/li>\n\n\n\n<li style=\"line-height:1.3\">\u00e0 vos coll\u00e8gues<\/li>\n<\/ul>\n\n\n\n<p><strong>Exemple :<\/strong> si vous ne pouvez pas porter des choses lourdes, la RQTH vous aide \u00e0 dire que vous ne pouvez par porter des choses lourdes.<br>Votre chef peut adapter votre travail en fonction de ce que vous pouvez faire.<\/p>\n\n\n\n<p><strong>La RQTH sert aussi \u00e0 avoir de l&rsquo;argent pour acheter du mat\u00e9riel qui vous aide \u00e0 faire votre travail<\/strong><\/p>\n\n\n\n<p><strong>Exemple : <\/strong>vous \u00eates aveugle, vous devez lire des textes sur l&rsquo;\u00e9cran d&rsquo;un ordinateur pour votre travail .<br>La RQTH permet \u00e0 votre chef d&rsquo;avoir de l&rsquo;argent pour acheter un ordinateur qui lit \u00e0 haute voix les textes sur l&rsquo;\u00e9cran<\/p>\n\n\n<div class=\"wp-block-image\">\n<figure class=\"aligncenter size-full is-resized\"><img loading=\"lazy\" decoding=\"async\" width=\"1024\" height=\"355\" src=\"https:\/\/www.fnath-montpellier.fr\/wp-content\/uploads\/2024\/03\/image.png\" alt=\"\" class=\"wp-image-215\" style=\"width:115px\" srcset=\"https:\/\/www.fnath-montpellier.fr\/wp-content\/uploads\/2024\/03\/image.png 1024w, https:\/\/www.fnath-montpellier.fr\/wp-content\/uploads\/2024\/03\/image-300x104.png 300w, https:\/\/www.fnath-montpellier.fr\/wp-content\/uploads\/2024\/03\/image-768x266.png 768w\" sizes=\"auto, (max-width: 1024px) 100vw, 1024px\" \/><\/figure>\n<\/div>\n\n\n<p class=\"has-tertiary-color has-text-color has-link-color has-medium-font-size wp-elements-2db420a463cfd537596f065c260fefb8\"><strong>Pendant combien de temps avez-vous droit \u00e0 la RQTH ?<\/strong><\/p>\n\n\n\n<p>Vous pouvez avoir le droit \u00e0 la RQTH pour une dur\u00e9e de 1 ans \u00e0 10 ans.<\/p>\n\n\n\n<p>Depuis 2020, vous pourrez aussi avoir la RQTH \u00e0 vie si :<\/p>\n\n\n\n<ul class=\"wp-block-list\">\n<li style=\"line-height:1.3\">vous pouvez travailler<\/li>\n\n\n\n<li style=\"line-height:1.3\">mais vous ne pouvez pas faire certaines choses toute votre vie \u00e0 cause de votre handicap.<\/li>\n<\/ul>\n\n\n\n<p><strong>Vous recevrez une notification de la MDPH sur laquelle est indiqu\u00e9 ce qui vous est donn\u00e9 ou refus\u00e9. Pensez \u00e0 garder pr\u00e9cieusement votre notification.<\/strong><\/p>\n\n\n\n<p><strong>Toute demande de renouvellement doit se faire 6 mois avant la date de fin de droit.<\/strong><\/p>\n\n\n<div class=\"wp-block-image\">\n<figure class=\"aligncenter size-full is-resized\"><img loading=\"lazy\" decoding=\"async\" width=\"1024\" height=\"355\" src=\"https:\/\/www.fnath-montpellier.fr\/wp-content\/uploads\/2024\/03\/image.png\" alt=\"\" class=\"wp-image-215\" style=\"width:115px\" srcset=\"https:\/\/www.fnath-montpellier.fr\/wp-content\/uploads\/2024\/03\/image.png 1024w, https:\/\/www.fnath-montpellier.fr\/wp-content\/uploads\/2024\/03\/image-300x104.png 300w, https:\/\/www.fnath-montpellier.fr\/wp-content\/uploads\/2024\/03\/image-768x266.png 768w\" sizes=\"auto, (max-width: 1024px) 100vw, 1024px\" \/><\/figure>\n<\/div>\n\n\n<p class=\"has-tertiary-color has-text-color has-link-color has-medium-font-size wp-elements-e8bd6ab470a7e6306d879f149d63eaf5\"><strong>Etes vous oblig\u00e9 de dire \u00e0 votre chef que vous avez la RQTH ?<\/strong><\/p>\n\n\n\n<p>Quand vous avez la RQTH vous n&rsquo;\u00eates pas oblig\u00e9 de le dire \u00e0 votre chef.<br>Mais si vous dites \u00e0 votre chef que vous avez la RQTH, celui-ci pourra adapter votre travail en fonction de ce que vous pouvez faire.<\/p>\n\n\n\n<p>Vous pouvez \u00e9crire sur votre CV que vous avez la RQTH. <br>Si votre CV int\u00e9resse votre employeur, il peut vous faire passer un entretien d&#8217;embauche. <\/p>\n\n\n\n<p>Les entreprises, les associations ou la fonction publique doivent verser de l&rsquo;argent \u00e0 l&rsquo;Etat si elles n&#8217;embauchent pas assez de personnes ayant la RQTH. En g\u00e9n\u00e9ral, les entreprises pr\u00e9f\u00e8rent embaucher des personnes avec RQTH plut\u00f4t que verser de l&rsquo;argent. Les entreprises ont des aides pour ces embauches.<\/p>\n\n\n\n<p><strong>Avoir une RQTH peut aider \u00e0 trouver du travail.<\/strong><\/p>\n\n\n<div class=\"wp-block-image\">\n<figure class=\"aligncenter size-full is-resized\"><img loading=\"lazy\" decoding=\"async\" width=\"1024\" height=\"355\" src=\"https:\/\/www.fnath-montpellier.fr\/wp-content\/uploads\/2024\/03\/image.png\" alt=\"\" class=\"wp-image-215\" style=\"width:115px\" srcset=\"https:\/\/www.fnath-montpellier.fr\/wp-content\/uploads\/2024\/03\/image.png 1024w, https:\/\/www.fnath-montpellier.fr\/wp-content\/uploads\/2024\/03\/image-300x104.png 300w, https:\/\/www.fnath-montpellier.fr\/wp-content\/uploads\/2024\/03\/image-768x266.png 768w\" sizes=\"auto, (max-width: 1024px) 100vw, 1024px\" \/><\/figure>\n<\/div>\n\n\n<p class=\"has-tertiary-color has-text-color has-link-color has-medium-font-size wp-elements-bd5cf546741f037521c28cd09c2a27ef\"><strong>Liste des documents n\u00e9cessaires pour la demande de la RQTH.<\/strong><\/p>\n\n\n\n<ul class=\"wp-block-list\">\n<li style=\"line-height:1.3\">Copie d\u2019une pi\u00e8ce d\u2019identit\u00e9 recto\/verso en cours de validit\u00e9<\/li>\n\n\n\n<li style=\"line-height:1.3\">Justificatif de domicile de moins de 1 an\n<ul class=\"wp-block-list\">\n<li>Si vous \u00eates h\u00e9berg\u00e9 fournir le justificatif de domicile de l\u2019h\u00e9bergeur\n<ul class=\"wp-block-list\">\n<li>l\u2019attestation sur l\u2019honneur de l\u2019h\u00e9bergeur<\/li>\n\n\n\n<li>copie de la pi\u00e8ce d\u2019identit\u00e9 de l\u2019h\u00e9bergeur<\/li>\n<\/ul>\n<\/li>\n<\/ul>\n<\/li>\n\n\n\n<li style=\"line-height:1.3\">Formulaire m\u00e9dical MDPH \u00e0 faire compl\u00e9ter en int\u00e9gralit\u00e9 par le m\u00e9decin avec les indications concernant les crit\u00e8res d\u2019attribution (<strong><em>dur\u00e9e de validit\u00e9 6 mois<\/em><\/strong>)\n<ul class=\"wp-block-list\">\n<li>Si probl\u00e8mes oculaires ou auditifs faire compl\u00e9ter les annexes<\/li>\n<\/ul>\n<\/li>\n\n\n\n<li style=\"line-height:1.3\">Pi\u00e8ces m\u00e9dicales compl\u00e9mentaires r\u00e9centes \u00e9ventuelles<\/li>\n\n\n\n<li style=\"line-height:1.3\">Notification d\u2019attribution d\u2019une pension d\u2019invalidit\u00e9 ou taux IPP<\/li>\n\n\n\n<li style=\"line-height:1.3\">Curriculum Vitae<\/li>\n\n\n\n<li style=\"line-height:1.3\">Fiche de la M\u00e9decine du Travail (aptitude, inaptitude, suivi) \u00e9ventuelle.<\/li>\n\n\n\n<li style=\"line-height:1.3\">Si demande de renouvellement, joindre la d\u00e9cision MDPH pr\u00e9c\u00e9dente\/en cours<\/li>\n\n\n\n<li style=\"line-height:1.3\">Si autres d\u00e9cisions MDPH, joindre la copie des d\u00e9cisions.<\/li>\n\n\n\n<li style=\"line-height:1.3\">Nous vous demanderons <strong>10\u20ac<\/strong> pour frais d\u2019affranchissement.<\/li>\n<\/ul>\n\n\n<div class=\"wp-block-image\">\n<figure class=\"aligncenter size-full is-resized\"><img loading=\"lazy\" decoding=\"async\" width=\"1024\" height=\"355\" src=\"https:\/\/www.fnath-montpellier.fr\/wp-content\/uploads\/2024\/03\/image.png\" alt=\"\" class=\"wp-image-215\" style=\"width:375px\" srcset=\"https:\/\/www.fnath-montpellier.fr\/wp-content\/uploads\/2024\/03\/image.png 1024w, https:\/\/www.fnath-montpellier.fr\/wp-content\/uploads\/2024\/03\/image-300x104.png 300w, https:\/\/www.fnath-montpellier.fr\/wp-content\/uploads\/2024\/03\/image-768x266.png 768w\" sizes=\"auto, (max-width: 1024px) 100vw, 1024px\" \/><\/figure>\n<\/div>","protected":false},"excerpt":{"rendered":"<p>A quoi sert la RQTH ? La RQTH est la Reconnaissance de la Qualit\u00e9 de Travailleur Handicap\u00e9. La RQTH sert<\/p>\n","protected":false},"author":1,"featured_media":0,"parent":0,"menu_order":0,"comment_status":"closed","ping_status":"closed","template":"","meta":{"footnotes":""},"class_list":["post-262","page","type-page","status-publish","hentry","comments-off"],"_links":{"self":[{"href":"https:\/\/www.fnath-montpellier.fr\/index.php\/wp-json\/wp\/v2\/pages\/262","targetHints":{"allow":["GET"]}}],"collection":[{"href":"https:\/\/www.fnath-montpellier.fr\/index.php\/wp-json\/wp\/v2\/pages"}],"about":[{"href":"https:\/\/www.fnath-montpellier.fr\/index.php\/wp-json\/wp\/v2\/types\/page"}],"author":[{"embeddable":true,"href":"https:\/\/www.fnath-montpellier.fr\/index.php\/wp-json\/wp\/v2\/users\/1"}],"replies":[{"embeddable":true,"href":"https:\/\/www.fnath-montpellier.fr\/index.php\/wp-json\/wp\/v2\/comments?post=262"}],"version-history":[{"count":9,"href":"https:\/\/www.fnath-montpellier.fr\/index.php\/wp-json\/wp\/v2\/pages\/262\/revisions"}],"predecessor-version":[{"id":827,"href":"https:\/\/www.fnath-montpellier.fr\/index.php\/wp-json\/wp\/v2\/pages\/262\/revisions\/827"}],"wp:attachment":[{"href":"https:\/\/www.fnath-montpellier.fr\/index.php\/wp-json\/wp\/v2\/media?parent=262"}],"curies":[{"name":"wp","href":"https:\/\/api.w.org\/{rel}","templated":true}]}}