{"id":264,"date":"2024-03-21T08:55:31","date_gmt":"2024-03-21T07:55:31","guid":{"rendered":"https:\/\/www.fnath-montpellier.fr\/?page_id=264"},"modified":"2025-08-16T10:56:38","modified_gmt":"2025-08-16T08:56:38","slug":"demande-aah","status":"publish","type":"page","link":"https:\/\/www.fnath-montpellier.fr\/index.php\/demande-aah\/","title":{"rendered":"Demande AAH"},"content":{"rendered":"\n<p class=\"has-tertiary-color has-text-color has-link-color has-medium-font-size wp-elements-01f83067520942e6a8e0ae108abf8cbc\"><strong>Qu&rsquo;est ce que l&rsquo;AAH ?<\/strong><\/p>\n\n\n\n<p style=\"line-height:1.4\">L&rsquo;AAH est l&rsquo;allocation aux adultes handicap\u00e9s. Elle constitue un minimum de ressources, vers\u00e9 par les caisses d&rsquo;allocation familiales (CAF)ou la mutualit\u00e9 sociale agricole (MSA).<\/p>\n\n\n\n<p>L&rsquo;AAH est une somme d&rsquo;argent qui vous est donn\u00e9e :<\/p>\n\n\n\n<ul class=\"wp-block-list\">\n<li style=\"line-height:1.3\">Si vous ne pouvez pas travailler \u00e0 cause de votre handicap<\/li>\n\n\n\n<li style=\"line-height:1.3\">Si vous ne pouvez pas travailler suffisamment \u00e0 cause de votre handicap et que vous ne gagner pas assez d&rsquo;argent pour vivre<\/li>\n<\/ul>\n\n\n<div class=\"wp-block-image\">\n<figure class=\"aligncenter size-full is-resized\"><img loading=\"lazy\" decoding=\"async\" width=\"1024\" height=\"355\" src=\"https:\/\/www.fnath-montpellier.fr\/wp-content\/uploads\/2024\/03\/image.png\" alt=\"\" class=\"wp-image-215\" style=\"width:115px\" srcset=\"https:\/\/www.fnath-montpellier.fr\/wp-content\/uploads\/2024\/03\/image.png 1024w, https:\/\/www.fnath-montpellier.fr\/wp-content\/uploads\/2024\/03\/image-300x104.png 300w, https:\/\/www.fnath-montpellier.fr\/wp-content\/uploads\/2024\/03\/image-768x266.png 768w\" sizes=\"auto, (max-width: 1024px) 100vw, 1024px\" \/><\/figure>\n<\/div>\n\n\n<p class=\"has-tertiary-color has-text-color has-link-color has-medium-font-size wp-elements-a6d30515433a0eb3f22b020f8cbffac1\"><strong>Qui peut avoir l&rsquo;AAH ?<\/strong><\/p>\n\n\n\n<div class=\"wp-block-group is-vertical is-layout-flex wp-container-core-group-is-layout-8cf370e7 wp-block-group-is-layout-flex\">\n<p>Pour b\u00e9n\u00e9ficier de l&rsquo;AAH, vous devez :<\/p>\n\n\n\n<ul class=\"wp-block-list\">\n<li style=\"line-height:1.3\">Vivre sur le territoire fran\u00e7ais et \u00eatre en situation r\u00e9guli\u00e8re.<\/li>\n\n\n\n<li style=\"line-height:1.3\">Avoir au moins 20 ans (parfois l&rsquo;AAH est donn\u00e9e \u00e0 partir de 16 ans)<\/li>\n\n\n\n<li style=\"line-height:1.3\">Avoir des ressources inf\u00e9rieures \u00e0 un plafond, qui varie selon votre situation familiale<\/li>\n\n\n\n<li style=\"line-height:1.3\">Avoir soit un taux d&rsquo;incapacit\u00e9 de 80% ou de plus de 80%<\/li>\n\n\n\n<li style=\"line-height:1.3\">Soit avoir un taux d&rsquo;incapacit\u00e9 entre 50% et moins de 80% et ne pas pouvoir travailler suffisamment \u00e0 cause de votre handicap.<\/li>\n\n\n\n<li style=\"line-height:1.3\"><em>Vous devez \u00e9galement pr\u00e9senter, compte tenu de votre handicap, une restriction substantielle et durable d&rsquo;acc\u00e8s \u00e0 un emploi (RSDAE), c&rsquo;est \u00e0 dire d&rsquo;importantes difficult\u00e9s \u00e0 acc\u00e9der \u00e0 un emploi qui ne peuvent pas \u00eatre compens\u00e9es. <\/em><br><\/li>\n<\/ul>\n<\/div>\n\n\n\n<p><em><strong>Pour avoir l&rsquo;AAH, vous ne devez pas gagner plus qu&rsquo;une certaine somme d&rsquo;argent.<\/strong><\/em><\/p>\n\n\n<div class=\"wp-block-image\">\n<figure class=\"aligncenter size-full is-resized\"><img loading=\"lazy\" decoding=\"async\" width=\"1024\" height=\"355\" src=\"https:\/\/www.fnath-montpellier.fr\/wp-content\/uploads\/2024\/03\/image.png\" alt=\"\" class=\"wp-image-215\" style=\"width:115px\" srcset=\"https:\/\/www.fnath-montpellier.fr\/wp-content\/uploads\/2024\/03\/image.png 1024w, https:\/\/www.fnath-montpellier.fr\/wp-content\/uploads\/2024\/03\/image-300x104.png 300w, https:\/\/www.fnath-montpellier.fr\/wp-content\/uploads\/2024\/03\/image-768x266.png 768w\" sizes=\"auto, (max-width: 1024px) 100vw, 1024px\" \/><\/figure>\n<\/div>\n\n\n<p class=\"has-tertiary-color has-text-color has-link-color has-medium-font-size wp-elements-000ba4ca04443d423a4d9e58d9ae955a\"><strong>Comment est calcul\u00e9e l&rsquo;AAH ?<\/strong><\/p>\n\n\n\n<p>La somme d&rsquo;argent que vous touchez d\u00e9pend de vos propres revenus et non ceux de votre foyer ou de votre conjoint. L&rsquo;AAH peut venir en compl\u00e9ment de vos autres revenus (salaire ou pension alimentaire , etc&#8230;).<\/p>\n\n\n\n<p><strong><em>L&rsquo;AAH ne peut pas d\u00e9passer une certaine somme d&rsquo;argent<\/em><\/strong><\/p>\n\n\n<div class=\"wp-block-image\">\n<figure class=\"aligncenter size-full is-resized\"><img loading=\"lazy\" decoding=\"async\" width=\"1024\" height=\"355\" src=\"https:\/\/www.fnath-montpellier.fr\/wp-content\/uploads\/2024\/03\/image.png\" alt=\"\" class=\"wp-image-215\" style=\"width:115px\" srcset=\"https:\/\/www.fnath-montpellier.fr\/wp-content\/uploads\/2024\/03\/image.png 1024w, https:\/\/www.fnath-montpellier.fr\/wp-content\/uploads\/2024\/03\/image-300x104.png 300w, https:\/\/www.fnath-montpellier.fr\/wp-content\/uploads\/2024\/03\/image-768x266.png 768w\" sizes=\"auto, (max-width: 1024px) 100vw, 1024px\" \/><\/figure>\n<\/div>\n\n\n<p class=\"has-tertiary-color has-text-color has-link-color has-medium-font-size wp-elements-07e0bacae641836d0733e5338494a084\"><strong>Vous devez d\u00e9clarer vos ressources<\/strong><\/p>\n\n\n\n<p style=\"line-height:1.4\"><strong>Si vous travaillez en milieu ordinaire<\/strong>, vous devez transmettre tous les 3 mois \u00e0 votre Caisse d&rsquo;Allocation Familiales (CAF) le formulaire de d\u00e9claration trimestrielle de ressources ou d\u00e9clarer vos ressources en ligne directement sur <a href=\"http:\/\/www.caf.fr\" data-type=\"link\" data-id=\"http:\/\/www.caf.fr\">www.caf.fr<\/a> <\/p>\n\n\n\n<p style=\"line-height:1.4\"><strong>Si vous travaillez en \u00e9tablissements et services d&rsquo;aide par le travail<\/strong> (ESAT) vos ressources sont \u00e9valu\u00e9es \u00e0 partir des donn\u00e9es de l&rsquo;avant-derni\u00e8re ann\u00e9e qui sont transmises par le service des imp\u00f4ts.<\/p>\n\n\n<div class=\"wp-block-image\">\n<figure class=\"aligncenter size-full is-resized\"><img loading=\"lazy\" decoding=\"async\" width=\"1024\" height=\"355\" src=\"https:\/\/www.fnath-montpellier.fr\/wp-content\/uploads\/2024\/03\/image.png\" alt=\"\" class=\"wp-image-215\" style=\"width:115px\" srcset=\"https:\/\/www.fnath-montpellier.fr\/wp-content\/uploads\/2024\/03\/image.png 1024w, https:\/\/www.fnath-montpellier.fr\/wp-content\/uploads\/2024\/03\/image-300x104.png 300w, https:\/\/www.fnath-montpellier.fr\/wp-content\/uploads\/2024\/03\/image-768x266.png 768w\" sizes=\"auto, (max-width: 1024px) 100vw, 1024px\" \/><\/figure>\n<\/div>\n\n\n<p class=\"has-tertiary-color has-text-color has-link-color has-medium-font-size wp-elements-ddb2abb4fecab45e5133ea891a8b9fa7\"><strong>Le exon\u00e9rations<\/strong><\/p>\n\n\n\n<div class=\"wp-block-group is-vertical is-layout-flex wp-container-core-group-is-layout-8cf370e7 wp-block-group-is-layout-flex\">\n<p>Les b\u00e9n\u00e9ficiaires de l&rsquo;AAH sont exon\u00e9r\u00e9s sous conditions de ressources de :<\/p>\n\n\n\n<ul class=\"wp-block-list\">\n<li style=\"line-height:1.3\">la taxe d&rsquo;habitation<\/li>\n\n\n\n<li style=\"line-height:1.3\">la taxe fonci\u00e8re (pour les propri\u00e9t\u00e9s b\u00e2ties hors les ordures m\u00e9nag\u00e8res)<\/li>\n\n\n\n<li style=\"line-height:1.3\">la redevance TV <\/li>\n<\/ul>\n<\/div>\n\n\n<div class=\"wp-block-image\">\n<figure class=\"aligncenter size-full is-resized\"><img loading=\"lazy\" decoding=\"async\" width=\"1024\" height=\"355\" src=\"https:\/\/www.fnath-montpellier.fr\/wp-content\/uploads\/2024\/03\/image.png\" alt=\"\" class=\"wp-image-215\" style=\"width:115px\" srcset=\"https:\/\/www.fnath-montpellier.fr\/wp-content\/uploads\/2024\/03\/image.png 1024w, https:\/\/www.fnath-montpellier.fr\/wp-content\/uploads\/2024\/03\/image-300x104.png 300w, https:\/\/www.fnath-montpellier.fr\/wp-content\/uploads\/2024\/03\/image-768x266.png 768w\" sizes=\"auto, (max-width: 1024px) 100vw, 1024px\" \/><\/figure>\n<\/div>\n\n\n<p class=\"has-tertiary-color has-text-color has-link-color has-medium-font-size wp-elements-20b3d8cfb67bafde6bf944007707fdcf\"><strong>Pour combien de temps avez-vous droit \u00e0 l&rsquo;AAH ?<\/strong><\/p>\n\n\n\n<div class=\"wp-block-group is-vertical is-layout-flex wp-container-core-group-is-layout-8cf370e7 wp-block-group-is-layout-flex\">\n<p>Vous pouvez avoir droit \u00e0 l&rsquo;AAH :<\/p>\n\n\n\n<ul class=\"wp-block-list\">\n<li style=\"line-height:1.3\">pour 1 an ou 2 ans<\/li>\n\n\n\n<li style=\"line-height:1.3\">pour 5 ans<\/li>\n\n\n\n<li style=\"line-height:1.3\">pour 10 ans<\/li>\n<\/ul>\n<\/div>\n\n\n\n<div class=\"wp-block-group is-vertical is-layout-flex wp-container-core-group-is-layout-8cf370e7 wp-block-group-is-layout-flex\">\n<p>Certaines personne handicap\u00e9es ont l&rsquo;AAH pour toute la vie. Ces personnes ont :<\/p>\n\n\n\n<ul class=\"wp-block-list\">\n<li style=\"line-height:1.3\">un taux d&rsquo;incapacit\u00e9 de 80% ou de plus de 80%<\/li>\n\n\n\n<li style=\"line-height:1.3\">et qui vont avoir besoin d&rsquo;aide toute leur vie car leur handicap ne peut pas s&rsquo;am\u00e9liorer.<\/li>\n<\/ul>\n<\/div>\n\n\n\n<p><strong>Vous recevrez une notification de la MDPH sur laquelle est indiqu\u00e9 ce qui vous est donn\u00e9 ou refus\u00e9. Pensez \u00e0 garder pr\u00e9cieusement votre notification. <\/strong><\/p>\n\n\n\n<p><strong>Toute demande de renouvellement doit se faire 6 mois avant la date de fin de droit.<\/strong><\/p>\n\n\n<div class=\"wp-block-image\">\n<figure class=\"aligncenter size-full is-resized\"><img loading=\"lazy\" decoding=\"async\" width=\"1024\" height=\"355\" src=\"https:\/\/www.fnath-montpellier.fr\/wp-content\/uploads\/2024\/03\/image.png\" alt=\"\" class=\"wp-image-215\" style=\"width:115px\" srcset=\"https:\/\/www.fnath-montpellier.fr\/wp-content\/uploads\/2024\/03\/image.png 1024w, https:\/\/www.fnath-montpellier.fr\/wp-content\/uploads\/2024\/03\/image-300x104.png 300w, https:\/\/www.fnath-montpellier.fr\/wp-content\/uploads\/2024\/03\/image-768x266.png 768w\" sizes=\"auto, (max-width: 1024px) 100vw, 1024px\" \/><\/figure>\n<\/div>\n\n\n<p class=\"has-tertiary-color has-text-color has-link-color has-medium-font-size wp-elements-b78fe32de30442005dd4405e9b71d585\"><strong>Le Compl\u00e9ment de Ressources et la Majoration pour la Vie Autonome<\/strong><\/p>\n\n\n\n<p>Ces deux prestations s&rsquo;ajoutent  l&rsquo;AAH mais ne sont pas cumulables.<br>Peuvent en b\u00e9n\u00e9ficier les titulaires de l&rsquo;AAH ayant un taux sup\u00e9rieur ou \u00e9gal \u00e0 80% et les b\u00e9n\u00e9ficiaires de l&rsquo;Allocation Suppl\u00e9mentaire d&rsquo;Invalidit\u00e9 qui remplissent les conditions suivantes :<\/p>\n\n\n\n<div class=\"wp-block-group is-vertical is-layout-flex wp-container-core-group-is-layout-8cf370e7 wp-block-group-is-layout-flex\">\n<p><strong>Pour le Compl\u00e9ment de Ressources <\/strong>:<\/p>\n\n\n\n<ul class=\"wp-block-list\">\n<li style=\"line-height:1.3\">une capacit\u00e9 de travail inf\u00e9rieure \u00e0 5%<\/li>\n\n\n\n<li style=\"line-height:1.3\">un logement ind\u00e9pendant<\/li>\n\n\n\n<li style=\"line-height:1.3\">l&rsquo;absence de revenu d&rsquo;activit\u00e9 \u00e0 caract\u00e8re professionnel depuis un an<\/li>\n<\/ul>\n<\/div>\n\n\n\n<div class=\"wp-block-group is-vertical is-layout-flex wp-container-core-group-is-layout-8cf370e7 wp-block-group-is-layout-flex\">\n<p><strong>Pour la Majoration de Vie Autonome :<\/strong><\/p>\n\n\n\n<ul class=\"wp-block-list\">\n<li style=\"line-height:1.3\">un logement ind\u00e9pendant pour lequel ils per\u00e7oivent une aide personnelle au logement<\/li>\n\n\n\n<li style=\"line-height:1.3\">l&rsquo;absence de revenu d&rsquo;activit\u00e9 \u00e0 caract\u00e8re professionnel propre<\/li>\n<\/ul>\n<\/div>\n\n\n<div class=\"wp-block-image\">\n<figure class=\"aligncenter size-large is-resized\"><img loading=\"lazy\" decoding=\"async\" width=\"1024\" height=\"355\" src=\"https:\/\/www.fnath-montpellier.fr\/wp-content\/uploads\/2024\/03\/picto-horizontal-1024x355.png\" alt=\"\" class=\"wp-image-151\" style=\"width:115px\" srcset=\"https:\/\/www.fnath-montpellier.fr\/wp-content\/uploads\/2024\/03\/picto-horizontal-1024x355.png 1024w, https:\/\/www.fnath-montpellier.fr\/wp-content\/uploads\/2024\/03\/picto-horizontal-300x104.png 300w, https:\/\/www.fnath-montpellier.fr\/wp-content\/uploads\/2024\/03\/picto-horizontal-768x266.png 768w, https:\/\/www.fnath-montpellier.fr\/wp-content\/uploads\/2024\/03\/picto-horizontal-1536x532.png 1536w, https:\/\/www.fnath-montpellier.fr\/wp-content\/uploads\/2024\/03\/picto-horizontal.png 2048w\" sizes=\"auto, (max-width: 1024px) 100vw, 1024px\" \/><\/figure>\n<\/div>\n\n\n<p class=\"has-tertiary-color has-text-color has-link-color has-large-font-size wp-elements-b4947d37d01f774eb476815a74e1b0af\" style=\"font-style:normal;font-weight:600\"><a href=\"https:\/\/www.fnath-montpellier.fr\/index.php\/2025\/08\/16\/cest-confirme-par-le-gouvernement-il-ne-sera-desormais-plus-possible-dacceder-a-lallocation-aux-adultes-handicapes-au-dela-de-cette-somme\/\" data-type=\"link\" data-id=\"https:\/\/www.fnath-montpellier.fr\/index.php\/2025\/08\/16\/cest-confirme-par-le-gouvernement-il-ne-sera-desormais-plus-possible-dacceder-a-lallocation-aux-adultes-handicapes-au-dela-de-cette-somme\/\" target=\"_blank\" rel=\"noreferrer noopener\"><strong>Nouvelles normes depuis 2025 (cliquez ici)<\/strong><\/a><\/p>\n\n\n<div class=\"wp-block-image\">\n<figure class=\"aligncenter size-full is-resized\"><img loading=\"lazy\" decoding=\"async\" width=\"1024\" height=\"355\" src=\"https:\/\/www.fnath-montpellier.fr\/wp-content\/uploads\/2024\/03\/image.png\" alt=\"\" class=\"wp-image-215\" style=\"width:115px\" srcset=\"https:\/\/www.fnath-montpellier.fr\/wp-content\/uploads\/2024\/03\/image.png 1024w, https:\/\/www.fnath-montpellier.fr\/wp-content\/uploads\/2024\/03\/image-300x104.png 300w, https:\/\/www.fnath-montpellier.fr\/wp-content\/uploads\/2024\/03\/image-768x266.png 768w\" sizes=\"auto, (max-width: 1024px) 100vw, 1024px\" \/><\/figure>\n<\/div>\n\n\n<p class=\"has-tertiary-color has-text-color has-link-color has-medium-font-size wp-elements-1af785dde4880397af00c723b0d43fd8\"><strong>Liste des documents n\u00e9cessaires pour la demande de l&rsquo;AAH.<\/strong><\/p>\n\n\n\n<ul class=\"wp-block-list\">\n<li style=\"line-height:1.3\">Copie d&rsquo;une pi\u00e8ce d&rsquo;identit\u00e9 recto\/verso en cours de validit\u00e9<\/li>\n\n\n\n<li style=\"line-height:1.3\">Justificatif de domicile de moins de 1 an\n<ul class=\"wp-block-list\">\n<li>Si vous \u00eates h\u00e9berg\u00e9 fournir le justificatif de domicile de l\u2019h\u00e9bergeur\n<ul class=\"wp-block-list\">\n<li style=\"line-height:1.3\">l\u2019attestation sur l\u2019honneur de l\u2019h\u00e9bergeur<\/li>\n\n\n\n<li style=\"line-height:1.3\">copie de la pi\u00e8ce d\u2019identit\u00e9 de l\u2019h\u00e9bergeur<\/li>\n<\/ul>\n<\/li>\n<\/ul>\n<\/li>\n\n\n\n<li style=\"line-height:1.3\">Formulaire m\u00e9dical MDPH \u00e0 faire compl\u00e9ter en int\u00e9gralit\u00e9 par le m\u00e9decin avec les indications concernant les crit\u00e8res d\u2019attribution (<strong><em>dur\u00e9e de validit\u00e9 6 mois<\/em><\/strong>)\n<ul class=\"wp-block-list\">\n<li>Si probl\u00e8mes oculaires ou auditifs faire compl\u00e9ter les annexes<\/li>\n<\/ul>\n<\/li>\n\n\n\n<li style=\"line-height:1.3\">Pi\u00e8ces m\u00e9dicales compl\u00e9mentaires r\u00e9centes \u00e9ventuelles<\/li>\n\n\n\n<li style=\"line-height:1.3\">Notification d&rsquo;attribution d&rsquo;une pension d&rsquo;invalidit\u00e9 ou taux IPP<\/li>\n\n\n\n<li style=\"line-height:1.3\">Curriculum Vitae<\/li>\n\n\n\n<li style=\"line-height:1.3\">Fiche de la M\u00e9decine du Travail (aptitude, inaptitude, suivi) \u00e9ventuelle.<\/li>\n\n\n\n<li style=\"line-height:1.3\">Notification P\u00f4le Emploi \u00e9ventuelle.<\/li>\n\n\n\n<li style=\"line-height:1.3\">Si demande de renouvellement, joindre la d\u00e9cision MDPH pr\u00e9c\u00e9dente\/en cours<\/li>\n\n\n\n<li style=\"line-height:1.3\">Si RQTH d\u00e9j\u00e0 accord\u00e9e, joindre la d\u00e9cision.<\/li>\n\n\n\n<li style=\"line-height:1.3\">Si autres d\u00e9cisions MDPH, joindre la copie des d\u00e9cisions.<\/li>\n\n\n\n<li style=\"line-height:1.3\">Nous vous demanderons <strong>10\u20ac<\/strong> pour frais d\u2019affranchissement.<\/li>\n<\/ul>\n\n\n<div class=\"wp-block-image\">\n<figure class=\"aligncenter size-full is-resized\"><img loading=\"lazy\" decoding=\"async\" width=\"1024\" height=\"355\" src=\"https:\/\/www.fnath-montpellier.fr\/wp-content\/uploads\/2024\/03\/image.png\" alt=\"\" class=\"wp-image-215\" style=\"width:375px\" srcset=\"https:\/\/www.fnath-montpellier.fr\/wp-content\/uploads\/2024\/03\/image.png 1024w, https:\/\/www.fnath-montpellier.fr\/wp-content\/uploads\/2024\/03\/image-300x104.png 300w, https:\/\/www.fnath-montpellier.fr\/wp-content\/uploads\/2024\/03\/image-768x266.png 768w\" sizes=\"auto, (max-width: 1024px) 100vw, 1024px\" \/><\/figure>\n<\/div>","protected":false},"excerpt":{"rendered":"<p>Qu&rsquo;est ce que l&rsquo;AAH ? L&rsquo;AAH est l&rsquo;allocation aux adultes handicap\u00e9s. Elle constitue un minimum de ressources, vers\u00e9 par les<\/p>\n","protected":false},"author":1,"featured_media":0,"parent":0,"menu_order":0,"comment_status":"closed","ping_status":"closed","template":"","meta":{"footnotes":""},"class_list":["post-264","page","type-page","status-publish","hentry","comments-off"],"_links":{"self":[{"href":"https:\/\/www.fnath-montpellier.fr\/index.php\/wp-json\/wp\/v2\/pages\/264","targetHints":{"allow":["GET"]}}],"collection":[{"href":"https:\/\/www.fnath-montpellier.fr\/index.php\/wp-json\/wp\/v2\/pages"}],"about":[{"href":"https:\/\/www.fnath-montpellier.fr\/index.php\/wp-json\/wp\/v2\/types\/page"}],"author":[{"embeddable":true,"href":"https:\/\/www.fnath-montpellier.fr\/index.php\/wp-json\/wp\/v2\/users\/1"}],"replies":[{"embeddable":true,"href":"https:\/\/www.fnath-montpellier.fr\/index.php\/wp-json\/wp\/v2\/comments?post=264"}],"version-history":[{"count":14,"href":"https:\/\/www.fnath-montpellier.fr\/index.php\/wp-json\/wp\/v2\/pages\/264\/revisions"}],"predecessor-version":[{"id":830,"href":"https:\/\/www.fnath-montpellier.fr\/index.php\/wp-json\/wp\/v2\/pages\/264\/revisions\/830"}],"wp:attachment":[{"href":"https:\/\/www.fnath-montpellier.fr\/index.php\/wp-json\/wp\/v2\/media?parent=264"}],"curies":[{"name":"wp","href":"https:\/\/api.w.org\/{rel}","templated":true}]}}