{"id":266,"date":"2024-03-22T17:49:05","date_gmt":"2024-03-22T16:49:05","guid":{"rendered":"https:\/\/www.fnath-montpellier.fr\/?page_id=266"},"modified":"2025-08-16T10:51:39","modified_gmt":"2025-08-16T08:51:39","slug":"demande-cmi","status":"publish","type":"page","link":"https:\/\/www.fnath-montpellier.fr\/index.php\/demande-cmi\/","title":{"rendered":"Demande CMI"},"content":{"rendered":"\n<p class=\"has-tertiary-color has-text-color has-link-color has-medium-font-size wp-elements-b8bf7835f61193c1a10249c309f8475a\"><strong>Carte Mobilit\u00e9 Inclusion<\/strong><\/p>\n\n\n\n<p style=\"line-height:1.4\">Il y a trois CMI diff\u00e9rentes qui remplacent les anciennes cartes, <br>elles restent valables jusqu&rsquo;au 31 d\u00e9cembre 2026 et elles sont gratuites.<\/p>\n\n\n<div class=\"wp-block-image\">\n<figure class=\"aligncenter size-full\"><img loading=\"lazy\" decoding=\"async\" width=\"750\" height=\"380\" src=\"https:\/\/www.fnath-montpellier.fr\/wp-content\/uploads\/2024\/03\/996_536_CMI_21082017.png\" alt=\"\" class=\"wp-image-345\" srcset=\"https:\/\/www.fnath-montpellier.fr\/wp-content\/uploads\/2024\/03\/996_536_CMI_21082017.png 750w, https:\/\/www.fnath-montpellier.fr\/wp-content\/uploads\/2024\/03\/996_536_CMI_21082017-300x152.png 300w\" sizes=\"auto, (max-width: 750px) 100vw, 750px\" \/><\/figure>\n<\/div>\n\n\n<p style=\"line-height:1.3\">Elles s&rsquo;adressent :<\/p>\n\n\n\n<ul class=\"wp-block-list\">\n<li style=\"line-height:1.3\">aux personnes \u00e2g\u00e9es<\/li>\n\n\n\n<li style=\"line-height:1.3\">aux personnes handicap\u00e9es<\/li>\n<\/ul>\n\n\n\n<p style=\"line-height:1.4\">pour faciliter leurs d\u00e9placements.<br>en cas de perte ou de d\u00e9t\u00e9rioration vous pouvez demander une nouvelle CMI sur ce site internet contre paiement d&rsquo;une somme de 10\u20ac.<br><a href=\"https:\/\/www.carte-mobilite-inclusion.fr\/authentification\">https:\/\/www.carte-mobilite-inclusion.fr\/authentification<\/a><\/p>\n\n\n<div class=\"wp-block-image\">\n<figure class=\"aligncenter size-full is-resized\"><img loading=\"lazy\" decoding=\"async\" width=\"1024\" height=\"355\" src=\"https:\/\/www.fnath-montpellier.fr\/wp-content\/uploads\/2024\/03\/image.png\" alt=\"\" class=\"wp-image-215\" style=\"width:115px\" srcset=\"https:\/\/www.fnath-montpellier.fr\/wp-content\/uploads\/2024\/03\/image.png 1024w, https:\/\/www.fnath-montpellier.fr\/wp-content\/uploads\/2024\/03\/image-300x104.png 300w, https:\/\/www.fnath-montpellier.fr\/wp-content\/uploads\/2024\/03\/image-768x266.png 768w\" sizes=\"auto, (max-width: 1024px) 100vw, 1024px\" \/><\/figure>\n<\/div>\n\n\n<p class=\"has-black-color has-text-color has-link-color has-medium-font-size wp-elements-ec50239d69f83ee0f8ce2149c7e0c422\" style=\"line-height:1.4\"><strong>Carte d&rsquo;Invalidit\u00e9 : <\/strong> <em>pour un taux d&rsquo;incapacit\u00e9 sup\u00e9rieur ou \u00e9gal  \u00e0 80%<\/em><\/p>\n\n\n\n<p class=\"has-link-color has-medium-font-size wp-elements-d71897d38cecec963308dfdfa815d310\" style=\"line-height:1.4\">La Carte Mobilit\u00e9 Inclusion <strong>INVALIDITE <\/strong>donne des avantages et vous rend la vie plus simple.<br>Vous avez \u00e9t\u00e9 class\u00e9 en 3e cat\u00e9gorie, vous pouvez avoir la carte d&rsquo;invalidit\u00e9 .<\/p>\n\n\n\n<ul class=\"wp-block-list\">\n<li style=\"line-height:1.3\">vous avez le droit d&rsquo;utiliser une place assise :\n<ul class=\"wp-block-list\">\n<li style=\"line-height:1.3\">dans le bus<\/li>\n\n\n\n<li style=\"line-height:1.3\">dans le m\u00e9tro<\/li>\n\n\n\n<li style=\"line-height:1.3\">dans les salles d&rsquo;attente <\/li>\n<\/ul>\n<\/li>\n\n\n\n<li style=\"line-height:1.3\">vous avez le droit de passer devant tout le monde quand vous faites la queue<\/li>\n\n\n\n<li style=\"line-height:1.3\">vous avez le droit de payer moins cher quand vous utilisez les transports en commun.<\/li>\n\n\n\n<li style=\"line-height:1.3\">la personne qui vous accompagne a aussi ces avantages<\/li>\n\n\n\n<li style=\"line-height:1.3\">la CMI invalidit\u00e9 permet aussi de payer moins d&rsquo;imp\u00f4ts.<\/li>\n<\/ul>\n\n\n<div class=\"wp-block-image\">\n<figure class=\"aligncenter size-full is-resized\"><img loading=\"lazy\" decoding=\"async\" width=\"1024\" height=\"355\" src=\"https:\/\/www.fnath-montpellier.fr\/wp-content\/uploads\/2024\/03\/image.png\" alt=\"\" class=\"wp-image-215\" style=\"width:115px\" srcset=\"https:\/\/www.fnath-montpellier.fr\/wp-content\/uploads\/2024\/03\/image.png 1024w, https:\/\/www.fnath-montpellier.fr\/wp-content\/uploads\/2024\/03\/image-300x104.png 300w, https:\/\/www.fnath-montpellier.fr\/wp-content\/uploads\/2024\/03\/image-768x266.png 768w\" sizes=\"auto, (max-width: 1024px) 100vw, 1024px\" \/><\/figure>\n<\/div>\n\n\n<p class=\"has-black-color has-text-color has-link-color has-medium-font-size wp-elements-94449bbfab5ef88572c175df2c952879\" style=\"line-height:1.4\"><strong>Carte de Priorit\u00e9 : <\/strong><em>pour un taux d&rsquo;incapacit\u00e9 inf\u00e9rieur \u00e0 80% ou avec difficult\u00e9s \u00e0 rester debout.<\/em><\/p>\n\n\n\n<p class=\"has-link-color has-medium-font-size wp-elements-d072e03b37c54689a8a4e811cc5e3977\" style=\"line-height:1.4\">La Carte Mobilit\u00e9 Inclusion <strong>PRIORITE<\/strong> donne des avantages sensiblement identiques mais avec quelques nuances :<\/p>\n\n\n\n<ul class=\"wp-block-list\">\n<li style=\"line-height:1.3\">vous avez le droit d&rsquo;utiliser une place assise :\n<ul class=\"wp-block-list\">\n<li>dans le bus<\/li>\n\n\n\n<li>dans le m\u00e9tro<\/li>\n\n\n\n<li>dans les salles d&rsquo;attente<\/li>\n<\/ul>\n<\/li>\n\n\n\n<li style=\"line-height:1.3\">vous avez le droit de passer devant tout le monde quand vous faites la queue<\/li>\n\n\n\n<li style=\"line-height:1.3\">vous avez le droit de payer moins cher quand vous utilisez les transports en commun.<\/li>\n<\/ul>\n\n\n<div class=\"wp-block-image\">\n<figure class=\"aligncenter size-full is-resized\"><img loading=\"lazy\" decoding=\"async\" width=\"1024\" height=\"355\" src=\"https:\/\/www.fnath-montpellier.fr\/wp-content\/uploads\/2024\/03\/image.png\" alt=\"\" class=\"wp-image-215\" style=\"width:115px\" srcset=\"https:\/\/www.fnath-montpellier.fr\/wp-content\/uploads\/2024\/03\/image.png 1024w, https:\/\/www.fnath-montpellier.fr\/wp-content\/uploads\/2024\/03\/image-300x104.png 300w, https:\/\/www.fnath-montpellier.fr\/wp-content\/uploads\/2024\/03\/image-768x266.png 768w\" sizes=\"auto, (max-width: 1024px) 100vw, 1024px\" \/><\/figure>\n<\/div>\n\n\n<p class=\"has-black-color has-text-color has-link-color has-medium-font-size wp-elements-33b7ea77dfbdb41f7a9773f1ed2a8997\"><strong>Cartes de Stationnement : <\/strong><em>pour les personnes ayant un p\u00e9rim\u00e8tre de marche inf\u00e9rieur \u00e0 200m<\/em><\/p>\n\n\n\n<p style=\"line-height:1.4\">La CMI stationnement est une carte qui vous donne des avantages quand vous vous d\u00e9placez en voiture.<\/p>\n\n\n\n<p style=\"line-height:1.4\">La CMI stationnement vous donne droit d&rsquo;utiliser gratuitement toutes les places de parking en acc\u00e8s libre.<\/p>\n\n\n\n<p style=\"line-height:1.4\">Les places de parking r\u00e9serv\u00e9es aux personnes handicap\u00e9es sont faciles d&rsquo;acc\u00e8s. Elle sont proches de l&rsquo;entr\u00e9e des b\u00e2timents (commerces, locaux administratifs etc&#8230;). Ce qui est utile si vous avez des difficult\u00e9s pour marcher.<\/p>\n\n\n\n<p style=\"line-height:1.4\">La CMI stationnement peut \u00eatre utilis\u00e9e si vous \u00eates le conducteur ou si c&rsquo;est le passager qui est titulaire. <\/p>\n\n\n<div class=\"wp-block-image\">\n<figure class=\"aligncenter size-full is-resized\"><img loading=\"lazy\" decoding=\"async\" width=\"1024\" height=\"355\" src=\"https:\/\/www.fnath-montpellier.fr\/wp-content\/uploads\/2024\/03\/image.png\" alt=\"\" class=\"wp-image-215\" style=\"width:115px\" srcset=\"https:\/\/www.fnath-montpellier.fr\/wp-content\/uploads\/2024\/03\/image.png 1024w, https:\/\/www.fnath-montpellier.fr\/wp-content\/uploads\/2024\/03\/image-300x104.png 300w, https:\/\/www.fnath-montpellier.fr\/wp-content\/uploads\/2024\/03\/image-768x266.png 768w\" sizes=\"auto, (max-width: 1024px) 100vw, 1024px\" \/><\/figure>\n<\/div>\n\n\n<p class=\"has-tertiary-color has-text-color has-link-color has-medium-font-size wp-elements-10c37b487631d79f3280325163c85dd6\"><strong>Liste des documents n\u00e9cessaires pour la demande des Cartes CMI Invalidit\u00e9, Priorit\u00e9 et\/ou Stationnement.<\/strong><\/p>\n\n\n\n<ul class=\"wp-block-list\">\n<li style=\"line-height:1.3\">Copie d\u2019une pi\u00e8ce d\u2019identit\u00e9 recto\/verso en cours de validit\u00e9<\/li>\n\n\n\n<li style=\"line-height:1.3\">Justificatif de domicile de moins de 1 an\n<ul class=\"wp-block-list\">\n<li>Si vous \u00eates h\u00e9berg\u00e9 fournir le justificatif de domicile de l\u2019h\u00e9bergeur\n<ul class=\"wp-block-list\">\n<li>l\u2019attestation sur l\u2019honneur de l\u2019h\u00e9bergeur<\/li>\n\n\n\n<li>copie de la pi\u00e8ce d\u2019identit\u00e9 de l\u2019h\u00e9bergeur<\/li>\n<\/ul>\n<\/li>\n<\/ul>\n<\/li>\n\n\n\n<li style=\"line-height:1.3\">Formulaire m\u00e9dical MDPH \u00e0 faire compl\u00e9ter en int\u00e9gralit\u00e9 par le m\u00e9decin avec les indications concernant les crit\u00e8res d\u2019attribution (<strong><em>dur\u00e9e de validit\u00e9 6 mois<\/em><\/strong>)\n<ul class=\"wp-block-list\">\n<li>Si probl\u00e8mes oculaires ou auditifs faire compl\u00e9ter les annexes<\/li>\n<\/ul>\n<\/li>\n\n\n\n<li style=\"line-height:1.3\">Pi\u00e8ces m\u00e9dicales compl\u00e9mentaires r\u00e9centes \u00e9ventuelles<\/li>\n\n\n\n<li style=\"line-height:1.3\">Notification d\u2019attribution d\u2019une pension d\u2019invalidit\u00e9 ou taux IPP<\/li>\n\n\n\n<li style=\"line-height:1.3\">Si demande de renouvellement, joindre la d\u00e9cision MDPH pr\u00e9c\u00e9dente\/en cours<\/li>\n\n\n\n<li style=\"line-height:1.3\">Si autres d\u00e9cisions MDPH, joindre la copie des d\u00e9cisions.<\/li>\n\n\n\n<li style=\"line-height:1.3\">Nous vous demanderons <strong>10\u20ac<\/strong> pour frais d\u2019affranchissement.<\/li>\n<\/ul>\n\n\n<div class=\"wp-block-image\">\n<figure class=\"aligncenter size-full is-resized\"><img loading=\"lazy\" decoding=\"async\" width=\"1024\" height=\"355\" src=\"https:\/\/www.fnath-montpellier.fr\/wp-content\/uploads\/2024\/03\/image.png\" alt=\"\" class=\"wp-image-215\" style=\"width:375px\" srcset=\"https:\/\/www.fnath-montpellier.fr\/wp-content\/uploads\/2024\/03\/image.png 1024w, https:\/\/www.fnath-montpellier.fr\/wp-content\/uploads\/2024\/03\/image-300x104.png 300w, https:\/\/www.fnath-montpellier.fr\/wp-content\/uploads\/2024\/03\/image-768x266.png 768w\" sizes=\"auto, (max-width: 1024px) 100vw, 1024px\" \/><\/figure>\n<\/div>","protected":false},"excerpt":{"rendered":"<p>Carte Mobilit\u00e9 Inclusion Il y a trois CMI diff\u00e9rentes qui remplacent les anciennes cartes, elles restent valables jusqu&rsquo;au 31 d\u00e9cembre<\/p>\n","protected":false},"author":1,"featured_media":0,"parent":0,"menu_order":0,"comment_status":"closed","ping_status":"closed","template":"","meta":{"footnotes":""},"class_list":["post-266","page","type-page","status-publish","hentry","comments-off"],"_links":{"self":[{"href":"https:\/\/www.fnath-montpellier.fr\/index.php\/wp-json\/wp\/v2\/pages\/266","targetHints":{"allow":["GET"]}}],"collection":[{"href":"https:\/\/www.fnath-montpellier.fr\/index.php\/wp-json\/wp\/v2\/pages"}],"about":[{"href":"https:\/\/www.fnath-montpellier.fr\/index.php\/wp-json\/wp\/v2\/types\/page"}],"author":[{"embeddable":true,"href":"https:\/\/www.fnath-montpellier.fr\/index.php\/wp-json\/wp\/v2\/users\/1"}],"replies":[{"embeddable":true,"href":"https:\/\/www.fnath-montpellier.fr\/index.php\/wp-json\/wp\/v2\/comments?post=266"}],"version-history":[{"count":9,"href":"https:\/\/www.fnath-montpellier.fr\/index.php\/wp-json\/wp\/v2\/pages\/266\/revisions"}],"predecessor-version":[{"id":826,"href":"https:\/\/www.fnath-montpellier.fr\/index.php\/wp-json\/wp\/v2\/pages\/266\/revisions\/826"}],"wp:attachment":[{"href":"https:\/\/www.fnath-montpellier.fr\/index.php\/wp-json\/wp\/v2\/media?parent=266"}],"curies":[{"name":"wp","href":"https:\/\/api.w.org\/{rel}","templated":true}]}}