{"id":268,"date":"2024-03-20T20:37:17","date_gmt":"2024-03-20T19:37:17","guid":{"rendered":"https:\/\/www.fnath-montpellier.fr\/?page_id=268"},"modified":"2025-08-16T10:58:10","modified_gmt":"2025-08-16T08:58:10","slug":"demande-pch","status":"publish","type":"page","link":"https:\/\/www.fnath-montpellier.fr\/index.php\/demande-pch\/","title":{"rendered":"Demande PCH"},"content":{"rendered":"\n<p class=\"has-medium-font-size\" style=\"font-style:normal;font-weight:700\"><strong>Prestation de Compensation du Handicap ou renouvellement de l&rsquo;Allocation Compensatrice<\/strong><\/p>\n\n\n\n<p>La PCH est une somme d&rsquo;argent pour les personnes qui ont besoin d&rsquo;une aide dans la vie de tous les jours \u00e0 cause d&rsquo;un handicap. La PCH aide \u00e0 payer des d\u00e9penses li\u00e9es \u00e0 votre handicap.<\/p>\n\n\n\n<ul class=\"wp-block-list\">\n<li style=\"line-height:1.3\"><strong>Par exemple<\/strong>, <strong>vous \u00eates aveugle<\/strong> et vous avez besoin de l&rsquo;aide d&rsquo;un chien guide . La PCH peut aider \u00e0 payer la nourriture du chien guide. <\/li>\n\n\n\n<li style=\"line-height:1.3\"><strong>Par exemple , vous \u00eates en fauteuil roulant<\/strong> et vous avez besoin d&rsquo;une voiture adapt\u00e9e \u00e0 votre handicap. La PCH peut aider \u00e0 payer l&rsquo;installation d&rsquo;une rampe qui vous permet de rentrer dans la voiture en fauteuil roulant.<\/li>\n<\/ul>\n\n\n\n<p><strong>Les Formalit\u00e9s importantes<\/strong><\/p>\n\n\n\n<p style=\"line-height:1.3\">La prestation de compensation est une nouvelle prestation fond\u00e9e sur le \u00ab\u00a0projet de vie\u00a0\u00bb de la personne<\/p>\n\n\n\n<p><strong>Les conditions<\/strong><\/p>\n\n\n\n<ul style=\"line-height:1.3\" class=\"wp-block-list\">\n<li style=\"line-height:1.4\">Pr\u00e9senter une difficult\u00e9 absolue dans la r\u00e9alisation d&rsquo;une activit\u00e9 de la vie courante ou une difficult\u00e9 grave dans le r\u00e9alisation de deux activit\u00e9s de la vie quotidienne.<\/li>\n\n\n\n<li style=\"line-height:1.4\">Une r\u00e9sidence stable et r\u00e9guli\u00e8re en France<\/li>\n\n\n\n<li style=\"line-height:1.4\">Une condition li\u00e9e au handicap (<em>aucun taux d&rsquo;incapacit\u00e9 n&rsquo;est requis mais le handicap doit r\u00e9pondre \u00e0 certaines conditions<\/em>).<\/li>\n<\/ul>\n\n\n\n<p><strong>Les aides apport\u00e9es<\/strong><\/p>\n\n\n\n<p style=\"line-height:1.3\">Aides humaines, techniques et animali\u00e8res, ainsi que l&rsquo;am\u00e9nagement du logement et du v\u00e9hicule ou des charges sp\u00e9cifiques ou exceptionnelles<\/p>\n\n\n\n<p><strong>Quel est l&rsquo;\u00e2ge pour avoir droit \u00e0 la PCH ?<\/strong><br>Pour une premi\u00e8re demande vous devez avoir moins de 60 ans.<br>Vous pouvez faire une premi\u00e8re demande de PCH apr\u00e8s 60 ans si vous avez \u00e9t\u00e9 handicap\u00e9 avant 60 ans<\/p>\n\n\n\n<ul class=\"wp-block-list\">\n<li style=\"line-height:1.3\">Par exemple , un monsieur est aveugle depuis qu&rsquo;il a 55 ans. Il a 70 ans aujourd&rsquo;hui et sa femme ne peu plus l&rsquo;aider. M\u00eame si ce monsieur a plus de 60 ans, il peut faire une premi\u00e8re demande de PCH parce qu&rsquo;il \u00e9tait handicap\u00e9 avant ses 60 ans.<\/li>\n\n\n\n<li style=\"line-height:1.3\">Vous pouvez aussi faire une premi\u00e8re demande apr\u00e8s 60 ans si vous travaillez.<\/li>\n<\/ul>\n\n\n\n<p class=\"has-tertiary-color has-text-color has-link-color wp-elements-9146306ed87aa3d502cf90067714e632\"><strong><em>Un fois que vous avez la PCH , vous pouvez continuer \u00e0 l&rsquo;avoir jusqu&rsquo;\u00e0 la fin de votre vie si vous en avez besoin.<\/em><\/strong><\/p>\n\n\n<div class=\"wp-block-image\">\n<figure class=\"aligncenter size-full is-resized\"><img loading=\"lazy\" decoding=\"async\" width=\"1024\" height=\"355\" src=\"https:\/\/www.fnath-montpellier.fr\/wp-content\/uploads\/2024\/03\/image.png\" alt=\"\" class=\"wp-image-215\" style=\"width:115px\" srcset=\"https:\/\/www.fnath-montpellier.fr\/wp-content\/uploads\/2024\/03\/image.png 1024w, https:\/\/www.fnath-montpellier.fr\/wp-content\/uploads\/2024\/03\/image-300x104.png 300w, https:\/\/www.fnath-montpellier.fr\/wp-content\/uploads\/2024\/03\/image-768x266.png 768w\" sizes=\"auto, (max-width: 1024px) 100vw, 1024px\" \/><\/figure>\n<\/div>\n\n\n<p class=\"has-medium-font-size\"><strong>Liste des activit\u00e9s importantes de la vie pour b\u00e9n\u00e9ficier de la PCH<\/strong><\/p>\n\n\n\n<p>Si vous ne pouvez pas faire tout seul une activit\u00e9 de la vie comme :<\/p>\n\n\n\n<ul class=\"wp-block-list\">\n<li style=\"line-height:1.3\">Se laver.<\/li>\n\n\n\n<li style=\"line-height:1.3\">Se mettre debout et marcher sans tomber.<\/li>\n\n\n\n<li style=\"line-height:1.3\">Marcher.<\/li>\n\n\n\n<li style=\"line-height:1.3\">S&rsquo;orienter dans l&rsquo;espace (trouver son chemin tout seul).<\/li>\n\n\n\n<li style=\"line-height:1.3\">S&rsquo;orienter dans le temps (connaitre les moments de la journ\u00e9e ou la date du jour).<\/li>\n\n\n\n<li style=\"line-height:1.3\">Reconna\u00eetre les dangers et savoir les \u00e9viter.<\/li>\n\n\n\n<li style=\"line-height:1.3\">Entendre.<\/li>\n\n\n\n<li style=\"line-height:1.3\">Parler.<\/li>\n\n\n\n<li style=\"line-height:1.3\">Faire plusieurs choses en m\u00eame temps.<\/li>\n\n\n\n<li style=\"line-height:1.3\">Etc&#8230;<\/li>\n<\/ul>\n\n\n<div class=\"wp-block-image\">\n<figure class=\"aligncenter size-full is-resized\"><img loading=\"lazy\" decoding=\"async\" width=\"1024\" height=\"355\" src=\"https:\/\/www.fnath-montpellier.fr\/wp-content\/uploads\/2024\/03\/image.png\" alt=\"\" class=\"wp-image-215\" style=\"width:115px\" srcset=\"https:\/\/www.fnath-montpellier.fr\/wp-content\/uploads\/2024\/03\/image.png 1024w, https:\/\/www.fnath-montpellier.fr\/wp-content\/uploads\/2024\/03\/image-300x104.png 300w, https:\/\/www.fnath-montpellier.fr\/wp-content\/uploads\/2024\/03\/image-768x266.png 768w\" sizes=\"auto, (max-width: 1024px) 100vw, 1024px\" \/><\/figure>\n<\/div>\n\n\n<p class=\"has-medium-font-size\"><strong>Liste des documents n\u00e9cessaires pour la demande de PCH<\/strong><\/p>\n\n\n\n<ul class=\"wp-block-list\">\n<li style=\"line-height:1.3\">Copie d&rsquo;une pi\u00e8ce d&rsquo;identit\u00e9 recto\/verso en cours de validit\u00e9<\/li>\n\n\n\n<li style=\"line-height:1.3\">Justificatif de domicile de moins de 1 an\n<ul class=\"wp-block-list\">\n<li>Si vous \u00eates h\u00e9berg\u00e9 fournir le justificatif de domicile de l&rsquo;h\u00e9bergeur\n<ul class=\"wp-block-list\">\n<li>l&rsquo;attestation sur l&rsquo;honneur de l&rsquo;h\u00e9bergeur<\/li>\n\n\n\n<li>copie de la pi\u00e8ce d&rsquo;identit\u00e9 de l&rsquo;h\u00e9bergeur<\/li>\n<\/ul>\n<\/li>\n<\/ul>\n<\/li>\n\n\n\n<li style=\"line-height:1.3\">Formulaire m\u00e9dical MDPH \u00e0 faire compl\u00e9ter en int\u00e9gralit\u00e9 par le m\u00e9decin avec les indications concernant les crit\u00e8res d&rsquo;attribution (<strong><em>dur\u00e9e de validit\u00e9 6 mois<\/em><\/strong>)\n<ul class=\"wp-block-list\">\n<li>Si probl\u00e8mes oculaires ou auditifs faire compl\u00e9ter les annexes<\/li>\n<\/ul>\n<\/li>\n\n\n\n<li style=\"line-height:1.3\">Pi\u00e8ces m\u00e9dicales compl\u00e9mentaires r\u00e9centes \u00e9ventuelles<\/li>\n\n\n\n<li style=\"line-height:1.3\">Si demande de renouvellement, joindre la d\u00e9cision pr\u00e9c\u00e9dente\/en cours<\/li>\n\n\n\n<li style=\"line-height:1.3\">Si autres d\u00e9cisions MDPH, joindre la copie des d\u00e9cisions.<\/li>\n\n\n\n<li style=\"line-height:1.3\">Dernier avis d&rsquo;imposition complet<\/li>\n\n\n\n<li style=\"line-height:1.3\">RIB : Relev\u00e9 d&rsquo;Identit\u00e9 Bancaire<\/li>\n\n\n\n<li style=\"line-height:1.3\">Nous vous demanderons <strong>10\u20ac<\/strong> pour frais d&rsquo;affranchissement.<\/li>\n<\/ul>\n\n\n<div class=\"wp-block-image\">\n<figure class=\"aligncenter size-full is-resized\"><img loading=\"lazy\" decoding=\"async\" width=\"1024\" height=\"355\" src=\"https:\/\/www.fnath-montpellier.fr\/wp-content\/uploads\/2024\/03\/image.png\" alt=\"\" class=\"wp-image-215\" style=\"width:115px\" srcset=\"https:\/\/www.fnath-montpellier.fr\/wp-content\/uploads\/2024\/03\/image.png 1024w, https:\/\/www.fnath-montpellier.fr\/wp-content\/uploads\/2024\/03\/image-300x104.png 300w, https:\/\/www.fnath-montpellier.fr\/wp-content\/uploads\/2024\/03\/image-768x266.png 768w\" sizes=\"auto, (max-width: 1024px) 100vw, 1024px\" \/><\/figure>\n<\/div>\n\n\n<p class=\"has-tertiary-color has-text-color has-link-color has-medium-font-size wp-elements-0941a21154c89649515885a14815d285\"><strong>Pour une aide humaine :<\/strong><\/p>\n\n\n\n<p>Si emploi r\u00e9mun\u00e9r\u00e9 d&rsquo;une tierce personne :<\/p>\n\n\n\n<ul class=\"wp-block-list\">\n<li style=\"line-height:1.3\">Contrat de travail<\/li>\n\n\n\n<li style=\"line-height:1.3\">Attestation sur l&rsquo;honneur de la personne employ\u00e9e<\/li>\n\n\n\n<li style=\"line-height:1.3\">D\u00e9claration trimestrielle URSSAF<\/li>\n\n\n\n<li style=\"line-height:1.3\">Facture Association de Service \u00e0 Domicile avec nombre d&rsquo;heures etc&#8230;<\/li>\n<\/ul>\n\n\n\n<p class=\"has-tertiary-color has-text-color has-link-color has-medium-font-size wp-elements-446c8462f930755420ada1f3c93da87e\"><strong>Pour un am\u00e9nagement du logement ou aide technique :<\/strong><\/p>\n\n\n\n<ul class=\"wp-block-list\">\n<li><strong>2 devis de fournisseurs diff\u00e9rents<\/strong> : faisant apparaitre la participation \u00e9ventuelle de la S\u00e9curit\u00e9 Sociale<\/li>\n<\/ul>\n\n\n\n<p class=\"has-tertiary-color has-text-color has-link-color has-medium-font-size wp-elements-21021018200a8ee24e86bd1af63ec74a\"><strong>Pour un am\u00e9nagement du v\u00e9hicule :<\/strong><\/p>\n\n\n\n<ul class=\"wp-block-list\">\n<li>2 devis de fournisseurs diff\u00e9rents<\/li>\n\n\n\n<li>Copie du permis de conduire avec le document d\u00e9livr\u00e9 par la Pr\u00e9fecture notifiant les aides n\u00e9cessaires pour le conduite<\/li>\n<\/ul>\n\n\n<div class=\"wp-block-image\">\n<figure class=\"aligncenter size-full is-resized\"><img loading=\"lazy\" decoding=\"async\" width=\"2560\" height=\"1376\" src=\"https:\/\/www.fnath-montpellier.fr\/wp-content\/uploads\/2024\/03\/PCH-scaled.jpg\" alt=\"\" class=\"wp-image-342\" style=\"width:895px;height:auto\" srcset=\"https:\/\/www.fnath-montpellier.fr\/wp-content\/uploads\/2024\/03\/PCH-scaled.jpg 2560w, https:\/\/www.fnath-montpellier.fr\/wp-content\/uploads\/2024\/03\/PCH-300x161.jpg 300w, https:\/\/www.fnath-montpellier.fr\/wp-content\/uploads\/2024\/03\/PCH-1024x550.jpg 1024w, https:\/\/www.fnath-montpellier.fr\/wp-content\/uploads\/2024\/03\/PCH-768x413.jpg 768w, https:\/\/www.fnath-montpellier.fr\/wp-content\/uploads\/2024\/03\/PCH-1536x826.jpg 1536w, https:\/\/www.fnath-montpellier.fr\/wp-content\/uploads\/2024\/03\/PCH-2048x1101.jpg 2048w\" sizes=\"auto, (max-width: 2560px) 100vw, 2560px\" \/><\/figure>\n<\/div>\n\n<div class=\"wp-block-image\">\n<figure class=\"aligncenter size-full is-resized\"><img loading=\"lazy\" decoding=\"async\" width=\"1024\" height=\"355\" src=\"https:\/\/www.fnath-montpellier.fr\/wp-content\/uploads\/2024\/03\/image.png\" alt=\"\" class=\"wp-image-215\" style=\"width:375px\" srcset=\"https:\/\/www.fnath-montpellier.fr\/wp-content\/uploads\/2024\/03\/image.png 1024w, https:\/\/www.fnath-montpellier.fr\/wp-content\/uploads\/2024\/03\/image-300x104.png 300w, https:\/\/www.fnath-montpellier.fr\/wp-content\/uploads\/2024\/03\/image-768x266.png 768w\" sizes=\"auto, (max-width: 1024px) 100vw, 1024px\" \/><\/figure>\n<\/div>","protected":false},"excerpt":{"rendered":"<p>Prestation de Compensation du Handicap ou renouvellement de l&rsquo;Allocation Compensatrice La PCH est une somme d&rsquo;argent pour les personnes qui<\/p>\n","protected":false},"author":1,"featured_media":0,"parent":0,"menu_order":0,"comment_status":"closed","ping_status":"closed","template":"","meta":{"footnotes":""},"class_list":["post-268","page","type-page","status-publish","hentry","comments-off"],"_links":{"self":[{"href":"https:\/\/www.fnath-montpellier.fr\/index.php\/wp-json\/wp\/v2\/pages\/268","targetHints":{"allow":["GET"]}}],"collection":[{"href":"https:\/\/www.fnath-montpellier.fr\/index.php\/wp-json\/wp\/v2\/pages"}],"about":[{"href":"https:\/\/www.fnath-montpellier.fr\/index.php\/wp-json\/wp\/v2\/types\/page"}],"author":[{"embeddable":true,"href":"https:\/\/www.fnath-montpellier.fr\/index.php\/wp-json\/wp\/v2\/users\/1"}],"replies":[{"embeddable":true,"href":"https:\/\/www.fnath-montpellier.fr\/index.php\/wp-json\/wp\/v2\/comments?post=268"}],"version-history":[{"count":14,"href":"https:\/\/www.fnath-montpellier.fr\/index.php\/wp-json\/wp\/v2\/pages\/268\/revisions"}],"predecessor-version":[{"id":831,"href":"https:\/\/www.fnath-montpellier.fr\/index.php\/wp-json\/wp\/v2\/pages\/268\/revisions\/831"}],"wp:attachment":[{"href":"https:\/\/www.fnath-montpellier.fr\/index.php\/wp-json\/wp\/v2\/media?parent=268"}],"curies":[{"name":"wp","href":"https:\/\/api.w.org\/{rel}","templated":true}]}}