{"id":3,"date":"2024-02-28T14:47:23","date_gmt":"2024-02-28T13:47:23","guid":{"rendered":"http:\/\/hzrxhym.cluster029.hosting.ovh.net\/?page_id=3"},"modified":"2024-09-11T14:23:09","modified_gmt":"2024-09-11T12:23:09","slug":"politique-de-confidentialite","status":"publish","type":"page","link":"https:\/\/www.fnath-montpellier.fr\/index.php\/politique-de-confidentialite\/","title":{"rendered":"Politique de confidentialit\u00e9"},"content":{"rendered":"\n<h2 class=\"wp-block-heading\">Qui sommes nous\u00a0?<\/h2>\n\n\n\n<p>L\u2019adresse de notre site est\u00a0: https:\/\/www.fnath-montpellier.fr<br>Le site est \u00e9dit\u00e9 par la FNATH Section Montpellier-Centre H\u00e9rault<br>Adresse : 1400 rue de la Castelle 34070 Montpellier<br>T\u00e9l\u00e9phone : 04.67.65.13.70<br>E-mail : contact@fnath-montpellier.fr<br>Num\u00e9ro de SIRET : 539 337 253 00022<br>Num\u00e9ro RNA : W343000463<\/p>\n\n\n\n<h2 class=\"wp-block-heading\">H\u00e9bergement du site<\/h2>\n\n\n\n<p>Le site est h\u00e9berg\u00e9 par la soci\u00e9t\u00e9 OVH <\/p>\n\n\n\n<h2 class=\"wp-block-heading\">Acc\u00e8s au site<\/h2>\n\n\n\n<p>Le site\u00a0<a href=\"https:\/\/www.fnath-montpellier.fr\" data-type=\"link\" data-id=\"www.fnath-montpellier.fr\">www.fnath-montpellier.fr<\/a>\u00a0est normalement accessible, \u00e0 tout moment, \u00e0 l&rsquo;utilisateur. Toutefois, l&rsquo;\u00e9diteur pourra, \u00e0 tout moment, suspendre, limiter ou interrompre le site afin de proc\u00e9der, notamment, \u00e0 des mises \u00e0 jour ou des modifications de son contenu. L&rsquo;\u00e9diteur ne pourra en aucun cas \u00eatre tenu responsable des cons\u00e9quences \u00e9ventuelles de cette indisponibilit\u00e9 sur les activit\u00e9s de l&rsquo;utilisateur.<\/p>\n\n\n\n<h2 class=\"wp-block-heading\">Description du site<\/h2>\n\n\n\n<p>Le site\u00a0<a href=\"https:\/\/www.fnath-montpellier.fr\" data-type=\"link\" data-id=\"https:\/\/www.fnath-montpellier.fr\" target=\"_blank\" rel=\"noreferrer noopener\">www.fnath-montpellier.fr<\/a>\u00a0a pour objectif de pr\u00e9senter l&rsquo;ensemble des services propos\u00e9s par la FNATH Section Montpellier Centre H\u00e9rault qui  s&rsquo;efforce de fournir des informations aussi pr\u00e9cises que possible sur le site. Toutefois, elle ne peut \u00eatre tenue responsable des oublis, des inexactitudes ou des retards dans la mise \u00e0 jour, que cela soit de son fait ou de celui des tiers partenaires qui fournissent ces informations.<\/p>\n\n\n\n<p>Toutes les informations pr\u00e9sentes sur le site <a href=\"https:\/\/www.fnath-montpellier.fr\" target=\"_blank\" rel=\"noreferrer noopener\">www.fnath-montpellier.fr<\/a>\u00a0sont donn\u00e9es \u00e0 titre indicatif et peuvent \u00eatre modifi\u00e9es. De plus, les informations disponibles sur le site ne sont pas exhaustives et sont susceptibles d&rsquo;\u00e9voluer apr\u00e8s leur publication en ligne.<\/p>\n\n\n\n<h2 class=\"wp-block-heading\">Propri\u00e9t\u00e9 intellectuelle<\/h2>\n\n\n\n<p>Le contenu du site internet\u00a0<a href=\"https:\/\/www.fnath-montpellier.fr\" target=\"_blank\" rel=\"noreferrer noopener\">www.fnath-montpellier.fr<\/a>\u00a0(textes, images, vid\u00e9os, graphismes, logo, etc.) est la propri\u00e9t\u00e9 exclusive de la FNATH sauf mention contraire explicite. Toute reproduction, distribution, modification, adaptation, retransmission ou publication, m\u00eame partielle, de ces diff\u00e9rents \u00e9l\u00e9ments est strictement interdite sans l&rsquo;accord expr\u00e8s par \u00e9crit de la FNATH Section Montpellier-Centre H\u00e9rault<\/p>\n\n\n\n<p>Tout usage non autoris\u00e9 du site ou de l&rsquo;un de ses \u00e9l\u00e9ments sera consid\u00e9r\u00e9 comme une violation des droits de propri\u00e9t\u00e9 intellectuelle et fera l&rsquo;objet de poursuites conform\u00e9ment aux articles L.335-2 et suivants du Code de la Propri\u00e9t\u00e9 Intellectuelle.<\/p>\n\n\n\n<h2 class=\"wp-block-heading\">Protection des donn\u00e9es personnelles<\/h2>\n\n\n\n<p>En tant que responsable du traitement des donn\u00e9es, la FNATH Section Montpellier-Centre H\u00e9rault s&rsquo;engage \u00e0 respecter les dispositions du R\u00e8glement G\u00e9n\u00e9ral sur la Protection des Donn\u00e9es (RGPD) et la loi Informatique et Libert\u00e9s.<\/p>\n\n\n\n<p>A l\u2019occasion de l\u2019utilisation du site\u00a0<a href=\"https:\/\/www.fnath-montpellier.fr\" data-type=\"link\" data-id=\"https:\/\/www.fnath-montpellier.fr\" target=\"_blank\" rel=\"noreferrer noopener\">www.fnath-montpellier.fr<\/a>, peuvent \u00eatre recueillies : l\u2019URL des liens par l\u2019interm\u00e9diaire desquels l\u2019utilisateur a acc\u00e9d\u00e9 au site, le fournisseur d\u2019acc\u00e8s de l\u2019utilisateur et l\u2019adresse de protocole Internet (IP) de l\u2019utilisateur.<\/p>\n\n\n\n<p>Les informations recueillies via le formulaire de contact du site\u00a0<a href=\"https:\/\/www.fnath-montpellier.fr\" target=\"_blank\" rel=\"noreferrer noopener\"><a href=\"https:\/\/www.fnath-montpellier.fr\" target=\"_blank\" rel=\"noreferrer noopener\">www.fnath-montpellier.fr<\/a><\/a>\u00a0sont utilis\u00e9es uniquement dans le cadre de la prise de contact et du suivi th\u00e9rapeutique. Elles ne sont ni vendues, ni \u00e9chang\u00e9es, ni transf\u00e9r\u00e9es \u00e0 des tiers. L\u2019utilisateur fournit ces informations en toute connaissance de cause, notamment lorsqu\u2019il proc\u00e8de par lui-m\u00eame \u00e0 leur saisie. Aucune information personnelle de l\u2019utilisateur du site\u00a0<a href=\"https:\/\/www.fnath-montpellier.fr\" target=\"_blank\" rel=\"noreferrer noopener\"><a href=\"https:\/\/www.fnath-montpellier.fr\" target=\"_blank\" rel=\"noreferrer noopener\">www.fnath-montpellier.fr<\/a><\/a>\u00a0n\u2019est publi\u00e9e \u00e0 l\u2019insu de l\u2019utilisateur, \u00e9chang\u00e9e, transf\u00e9r\u00e9e, c\u00e9d\u00e9e ou vendue sur un support quelconque \u00e0 des tiers.<\/p>\n\n\n\n<p>Conform\u00e9ment aux articles 15 \u00e0 22 du RGPD, l\u2019utilisateur dispose d&rsquo;un droit d&rsquo;acc\u00e8s, de rectification, de limitation, de portabilit\u00e9, d&rsquo;effacement et d&rsquo;opposition aux donn\u00e9es le concernant. L\u2019utilisateur peut exercer ces droits en nous contactant par e-mail \u00e0 l&rsquo;adresse suivante :\u00a0<a href=\"mailto:contact@fnath-montpellier.fr\">contact@fnath-montpellier.fr<\/a><\/p>\n\n\n\n<h2 class=\"wp-block-heading\">Commentaires<\/h2>\n\n\n\n<p>Quand vous laissez un commentaire sur notre site, les donn\u00e9es inscrites dans le formulaire de commentaire, ainsi que votre adresse IP et l\u2019agent utilisateur de votre navigateur sont collect\u00e9s pour nous aider \u00e0 la d\u00e9tection des commentaires ind\u00e9sirables.<\/p>\n\n\n\n<p>Une cha\u00eene anonymis\u00e9e cr\u00e9\u00e9e \u00e0 partir de votre adresse e-mail (\u00e9galement appel\u00e9e hash) peut \u00eatre envoy\u00e9e au service Gravatar pour v\u00e9rifier si vous utilisez ce dernier. Les clauses de confidentialit\u00e9 du service Gravatar sont disponibles ici&nbsp;: https:\/\/automattic.com\/privacy\/. Apr\u00e8s validation de votre commentaire, votre photo de profil sera visible publiquement \u00e0 cot\u00e9 de votre commentaire.<\/p>\n\n\n\n<h2 class=\"wp-block-heading\">M\u00e9dias<\/h2>\n\n\n\n<p>Si vous t\u00e9l\u00e9versez des images sur le site, nous vous conseillons d\u2019\u00e9viter de t\u00e9l\u00e9verser des images contenant des donn\u00e9es EXIF de coordonn\u00e9es GPS. Les personnes visitant votre site peuvent t\u00e9l\u00e9charger et extraire des donn\u00e9es de localisation depuis ces images.<\/p>\n\n\n\n<h2 class=\"wp-block-heading\">Cookies<\/h2>\n\n\n\n<p>Si vous d\u00e9posez un commentaire sur notre site, il vous sera propos\u00e9 d\u2019enregistrer votre nom, adresse e-mail et site dans des cookies. C\u2019est uniquement pour votre confort afin de ne pas avoir \u00e0 saisir ces informations si vous d\u00e9posez un autre commentaire plus tard. Ces cookies expirent au bout d\u2019un an.<\/p>\n\n\n\n<p>Si vous vous rendez sur la page de connexion, un cookie temporaire sera cr\u00e9\u00e9 afin de d\u00e9terminer si votre navigateur accepte les cookies. Il ne contient pas de donn\u00e9es personnelles et sera supprim\u00e9 automatiquement \u00e0 la fermeture de votre navigateur.<\/p>\n\n\n\n<p>Lorsque vous vous connecterez, nous mettrons en place un certain nombre de cookies pour enregistrer vos informations de connexion et vos pr\u00e9f\u00e9rences d\u2019\u00e9cran. La dur\u00e9e de vie d\u2019un cookie de connexion est de deux jours, celle d\u2019un cookie d\u2019option d\u2019\u00e9cran est d\u2019un an. Si vous cochez \u00ab&nbsp;Se souvenir de moi&nbsp;\u00bb, votre cookie de connexion sera conserv\u00e9 pendant deux semaines. Si vous vous d\u00e9connectez de votre compte, le cookie de connexion sera effac\u00e9.<\/p>\n\n\n\n<p>En modifiant ou en publiant une publication, un cookie suppl\u00e9mentaire sera enregistr\u00e9 dans votre navigateur. Ce cookie ne comprend aucune donn\u00e9e personnelle. Il indique simplement l\u2019ID de la publication que vous venez de modifier. Il expire au bout d\u2019un jour.<\/p>\n\n\n\n<p>Il vous est possible de configurer votre navigateur pour refuser les cookies.<\/p>\n\n\n\n<h2 class=\"wp-block-heading\">Contenu embarqu\u00e9 depuis d\u2019autres sites<\/h2>\n\n\n\n<p>Les articles de ce site peuvent inclure des contenus int\u00e9gr\u00e9s (par exemple des vid\u00e9os, images, articles\u2026). Le contenu int\u00e9gr\u00e9 depuis d\u2019autres sites se comporte de la m\u00eame mani\u00e8re que si le visiteur se rendait sur cet autre site.<\/p>\n\n\n\n<p>Ces sites web pourraient collecter des donn\u00e9es sur vous, utiliser des cookies, embarquer des outils de suivis tiers, suivre vos interactions avec ces contenus embarqu\u00e9s si vous disposez d\u2019un compte connect\u00e9 sur leur site web.<\/p>\n\n\n\n<h2 class=\"wp-block-heading\">Utilisation et transmission de vos donn\u00e9es personnelles<\/h2>\n\n\n\n<p>Si vous demandez une r\u00e9initialisation de votre mot de passe, votre adresse IP sera incluse dans l\u2019e-mail de r\u00e9initialisation.<\/p>\n\n\n\n<h2 class=\"wp-block-heading\">Dur\u00e9es de stockage de vos donn\u00e9es<\/h2>\n\n\n\n<p>Si vous laissez un commentaire, le commentaire et ses m\u00e9tadonn\u00e9es sont conserv\u00e9s ind\u00e9finiment. Cela permet de reconna\u00eetre et approuver automatiquement les commentaires suivants au lieu de les laisser dans la file de mod\u00e9ration.<\/p>\n\n\n\n<p>Pour les comptes qui s\u2019inscrivent sur notre site (le cas \u00e9ch\u00e9ant), nous stockons \u00e9galement les donn\u00e9es personnelles indiqu\u00e9es dans leur profil. Tous les comptes peuvent voir, modifier ou supprimer leurs informations personnelles \u00e0 tout moment (\u00e0 l\u2019exception de leur identifiant). Les gestionnaires du site peuvent aussi voir et modifier ces informations.<\/p>\n\n\n\n<h2 class=\"wp-block-heading\">Les droits que vous avez sur vos donn\u00e9es<\/h2>\n\n\n\n<p>Si vous avez un compte ou si vous avez laiss\u00e9 des commentaires sur le site, vous pouvez demander \u00e0 recevoir un fichier contenant toutes les donn\u00e9es personnelles que nous poss\u00e9dons \u00e0 votre sujet, incluant celles que vous nous avez fournies. Vous pouvez \u00e9galement demander la suppression des donn\u00e9es personnelles vous concernant. Cela ne prend pas en compte les donn\u00e9es stock\u00e9es \u00e0 des fins administratives, l\u00e9gales ou pour des raisons de s\u00e9curit\u00e9.<\/p>\n\n\n\n<h2 class=\"wp-block-heading\">Transmission de vos donn\u00e9es personnelles<\/h2>\n\n\n\n<p>Les commentaires des visiteurs peuvent \u00eatre v\u00e9rifi\u00e9s \u00e0 l\u2019aide d\u2019un service automatis\u00e9 de d\u00e9tection des commentaires ind\u00e9sirables.<\/p>\n\n\n\n<h2 class=\"wp-block-heading\">Limitation de responsabilit\u00e9<\/h2>\n\n\n\n<p>La FNATH Section Montpellier-Centre H\u00e9rault ne pourra \u00eatre tenue responsable des dommages directs ou indirects caus\u00e9s au mat\u00e9riel de l&rsquo;utilisateur lors de l&rsquo;acc\u00e8s au site\u00a0<a href=\"https:\/\/www.fnath-montpellier.fr\" data-type=\"link\" data-id=\"https:\/\/www.fnath-montpellier.fr\" target=\"_blank\" rel=\"noreferrer noopener\">www.fnath-montpellier.fr<\/a>, et r\u00e9sultant soit de l&rsquo;utilisation d&rsquo;un mat\u00e9riel ne r\u00e9pondant pas aux sp\u00e9cifications techniques n\u00e9cessaires, soit de l&rsquo;apparition d&rsquo;un bug ou d&rsquo;une incompatibilit\u00e9.<\/p>\n\n\n\n<h2 class=\"wp-block-heading\">Droit applicable et attribution de juridiction<\/h2>\n\n\n\n<p>Tout litige en relation avec l&rsquo;utilisation du site\u00a0<a href=\"https:\/\/www.fnath-montpellier.fr\" target=\"_blank\" rel=\"noreferrer noopener\">www.fnath-montpellier.fr<\/a>\u00a0est soumis au droit fran\u00e7ais. Il est fait attribution exclusive de juridiction aux tribunaux comp\u00e9tents de Montpellier.<\/p>\n\n\n<div class=\"wp-block-image\">\n<figure class=\"aligncenter size-large is-resized\"><img loading=\"lazy\" decoding=\"async\" width=\"1024\" height=\"355\" src=\"https:\/\/www.fnath-montpellier.fr\/wp-content\/uploads\/2024\/03\/picto-horizontal-1024x355.png\" alt=\"\" class=\"wp-image-151\" style=\"width:369px;height:auto\" srcset=\"https:\/\/www.fnath-montpellier.fr\/wp-content\/uploads\/2024\/03\/picto-horizontal-1024x355.png 1024w, https:\/\/www.fnath-montpellier.fr\/wp-content\/uploads\/2024\/03\/picto-horizontal-300x104.png 300w, https:\/\/www.fnath-montpellier.fr\/wp-content\/uploads\/2024\/03\/picto-horizontal-768x266.png 768w, https:\/\/www.fnath-montpellier.fr\/wp-content\/uploads\/2024\/03\/picto-horizontal-1536x532.png 1536w, https:\/\/www.fnath-montpellier.fr\/wp-content\/uploads\/2024\/03\/picto-horizontal.png 2048w\" sizes=\"auto, (max-width: 1024px) 100vw, 1024px\" \/><\/figure>\n<\/div>","protected":false},"excerpt":{"rendered":"<p>Qui sommes nous\u00a0? L\u2019adresse de notre site est\u00a0: https:\/\/www.fnath-montpellier.frLe site est \u00e9dit\u00e9 par la FNATH Section Montpellier-Centre H\u00e9raultAdresse : 1400<\/p>\n","protected":false},"author":1,"featured_media":0,"parent":0,"menu_order":0,"comment_status":"closed","ping_status":"open","template":"","meta":{"footnotes":""},"class_list":["post-3","page","type-page","status-publish","hentry","comments-off"],"_links":{"self":[{"href":"https:\/\/www.fnath-montpellier.fr\/index.php\/wp-json\/wp\/v2\/pages\/3","targetHints":{"allow":["GET"]}}],"collection":[{"href":"https:\/\/www.fnath-montpellier.fr\/index.php\/wp-json\/wp\/v2\/pages"}],"about":[{"href":"https:\/\/www.fnath-montpellier.fr\/index.php\/wp-json\/wp\/v2\/types\/page"}],"author":[{"embeddable":true,"href":"https:\/\/www.fnath-montpellier.fr\/index.php\/wp-json\/wp\/v2\/users\/1"}],"replies":[{"embeddable":true,"href":"https:\/\/www.fnath-montpellier.fr\/index.php\/wp-json\/wp\/v2\/comments?post=3"}],"version-history":[{"count":6,"href":"https:\/\/www.fnath-montpellier.fr\/index.php\/wp-json\/wp\/v2\/pages\/3\/revisions"}],"predecessor-version":[{"id":698,"href":"https:\/\/www.fnath-montpellier.fr\/index.php\/wp-json\/wp\/v2\/pages\/3\/revisions\/698"}],"wp:attachment":[{"href":"https:\/\/www.fnath-montpellier.fr\/index.php\/wp-json\/wp\/v2\/media?parent=3"}],"curies":[{"name":"wp","href":"https:\/\/api.w.org\/{rel}","templated":true}]}}