{"id":328,"date":"2024-03-23T15:32:50","date_gmt":"2024-03-23T14:32:50","guid":{"rendered":"https:\/\/www.fnath-montpellier.fr\/?page_id=328"},"modified":"2024-03-23T15:32:50","modified_gmt":"2024-03-23T14:32:50","slug":"mdph","status":"publish","type":"page","link":"https:\/\/www.fnath-montpellier.fr\/index.php\/mdph\/","title":{"rendered":"MDPH"},"content":{"rendered":"\n<p class=\"has-tertiary-color has-text-color has-link-color wp-elements-767521bd7a84adcb3422ec99dda45f8d\" style=\"font-size:25px;font-style:normal;font-weight:700\"><strong>Maison D\u00e9partementale des Personnes Handicap\u00e9es .<\/strong><\/p>\n\n\n\n<p class=\"has-text-align-center\"><strong>MDPH H\u00e9rault :<\/strong><br><strong>Maison des Personnes Handicap\u00e9es de l\u2019H\u00e9rault<\/strong><br>B\u00e2timent Alco 2<br>1350 rue d\u2019Alco<br>BP 7353<br><strong>34086 Montpellier cedex 4<\/strong><\/p>\n\n\n\n<p>Les demandes  se font \u00e0 la MDPH situ\u00e9e \u00e0 Montpellier&nbsp;<a href=\"https:\/\/mda.herault.fr\/1357-handicap.htm\">MDPH Montpellier<\/a><\/p>\n\n\n\n<p class=\"has-medium-font-size\"><strong>Liens vers les formulaires \u00e0 remplir<\/strong><\/p>\n\n\n\n<p><a href=\"https:\/\/mda.herault.fr\/cms_viewFile.php?idtf=9627&amp;path=Certificat_medical_MDPH_cerfa_15695-01.pdf\" data-type=\"link\" data-id=\"https:\/\/mda.herault.fr\/cms_viewFile.php?idtf=9627&amp;path=Certificat_medical_MDPH_cerfa_15695-01.pdf\">Certificat m\u00e9dical CERFA n\u00b0 15695*01 <\/a> \u00e0 faire remplir par le m\u00e9decin<\/p>\n\n\n\n<p><a href=\"https:\/\/mda.herault.fr\/cms_viewFile.php?idtf=9624&amp;path=bilan_auditif_annexe_CM_MDPH.pdf\" data-type=\"link\" data-id=\"https:\/\/mda.herault.fr\/cms_viewFile.php?idtf=9624&amp;path=bilan_auditif_annexe_CM_MDPH.pdf\">Annexe Volet 1 Bilan auditif <\/a> : \u00e0 compl\u00e9ter uniquement dans le cas de d\u00e9ficience auditive ( document au format PDF  &#8211; \u00e0 faire remplir par votre m\u00e9decin)<\/p>\n\n\n\n<p><a href=\"https:\/\/mda.herault.fr\/cms_viewFile.php?idtf=9625&amp;path=bilan_visuel_annexe_CM_MDPH.pdf\" data-type=\"link\" data-id=\"https:\/\/mda.herault.fr\/cms_viewFile.php?idtf=9625&amp;path=bilan_visuel_annexe_CM_MDPH.pdf\">Annexe Volet 2 Bilan ophtalmologique<\/a> : \u00e0 compl\u00e9ter uniquement en cas de d\u00e9ficience visuelle (document au format PDF &#8211; \u00e0 faire remplir par votre m\u00e9decin) <\/p>\n\n\n\n<p><a href=\"https:\/\/mda.herault.fr\/cms_viewFile.php?idtf=9623&amp;path=Dossier_demande_MDPH_cerfa_15692-01.pdf\" data-type=\"link\" data-id=\"https:\/\/mda.herault.fr\/cms_viewFile.php?idtf=9623&amp;path=Dossier_demande_MDPH_cerfa_15692-01.pdf\">Formulaire de demandes MDPH Cerfa n\u00b0 15692*01<\/a> : formulaire au format PDF \u00e0 remplir au format papier ou directement en ligne.<\/p>\n","protected":false},"excerpt":{"rendered":"<p>Maison D\u00e9partementale des Personnes Handicap\u00e9es . MDPH H\u00e9rault :Maison des Personnes Handicap\u00e9es de l\u2019H\u00e9raultB\u00e2timent Alco 21350 rue d\u2019AlcoBP 735334086 Montpellier<\/p>\n","protected":false},"author":1,"featured_media":0,"parent":0,"menu_order":0,"comment_status":"closed","ping_status":"closed","template":"","meta":{"footnotes":""},"class_list":["post-328","page","type-page","status-publish","hentry","comments-off"],"_links":{"self":[{"href":"https:\/\/www.fnath-montpellier.fr\/index.php\/wp-json\/wp\/v2\/pages\/328","targetHints":{"allow":["GET"]}}],"collection":[{"href":"https:\/\/www.fnath-montpellier.fr\/index.php\/wp-json\/wp\/v2\/pages"}],"about":[{"href":"https:\/\/www.fnath-montpellier.fr\/index.php\/wp-json\/wp\/v2\/types\/page"}],"author":[{"embeddable":true,"href":"https:\/\/www.fnath-montpellier.fr\/index.php\/wp-json\/wp\/v2\/users\/1"}],"replies":[{"embeddable":true,"href":"https:\/\/www.fnath-montpellier.fr\/index.php\/wp-json\/wp\/v2\/comments?post=328"}],"version-history":[{"count":4,"href":"https:\/\/www.fnath-montpellier.fr\/index.php\/wp-json\/wp\/v2\/pages\/328\/revisions"}],"predecessor-version":[{"id":359,"href":"https:\/\/www.fnath-montpellier.fr\/index.php\/wp-json\/wp\/v2\/pages\/328\/revisions\/359"}],"wp:attachment":[{"href":"https:\/\/www.fnath-montpellier.fr\/index.php\/wp-json\/wp\/v2\/media?parent=328"}],"curies":[{"name":"wp","href":"https:\/\/api.w.org\/{rel}","templated":true}]}}