{"id":509,"date":"2024-04-28T17:10:23","date_gmt":"2024-04-28T15:10:23","guid":{"rendered":"https:\/\/www.fnath-montpellier.fr\/?page_id=509"},"modified":"2024-08-06T16:26:42","modified_gmt":"2024-08-06T14:26:42","slug":"permanences-dans-les-communes","status":"publish","type":"page","link":"https:\/\/www.fnath-montpellier.fr\/index.php\/permanences-dans-les-communes\/","title":{"rendered":"Permanences"},"content":{"rendered":"\n<p>Toutes les permanences se font en compl\u00e9ment du travail r\u00e9alis\u00e9 par vos CCAS.<\/p>\n\n\n\n<p>La FNATH intervient sur demandes de rendez-vous effectu\u00e9s directement par vos soins en nous contactant par t\u00e9l\u00e9phone au : 04.67.65.13.70 .<\/p>\n\n\n\n<p>Vous pouvez aussi nous contacter par mail <a href=\"mailto:contact@fnath-montpellier.fr\">contact@fnath-montpellier.fr<\/a> pour une prise de rendez-vous.<\/p>\n\n\n\n<p>En cas de besoins n&rsquo;h\u00e9sitez pas \u00e0 contacter le personnel de votre CCAS qui se mets en quatre pour vous aider dans vos d\u00e9marches.<\/p>\n\n\n\n<p>Si votre dossier est \u00e0 traiter en urgence, n&rsquo;h\u00e9sitez pas \u00e0 venir nous voir sur une permanence d&rsquo;une autre commune. <\/p>\n\n\n\n<p class=\"has-medium-font-size\"><strong>Tous les CCAS travaillent en collaboration pour le bien des citoyens.<\/strong><\/p>\n","protected":false},"excerpt":{"rendered":"<p>Toutes les permanences se font en compl\u00e9ment du travail r\u00e9alis\u00e9 par vos CCAS. La FNATH intervient sur demandes de rendez-vous<\/p>\n","protected":false},"author":1,"featured_media":0,"parent":0,"menu_order":0,"comment_status":"closed","ping_status":"closed","template":"","meta":{"footnotes":""},"class_list":["post-509","page","type-page","status-publish","hentry","comments-off"],"_links":{"self":[{"href":"https:\/\/www.fnath-montpellier.fr\/index.php\/wp-json\/wp\/v2\/pages\/509","targetHints":{"allow":["GET"]}}],"collection":[{"href":"https:\/\/www.fnath-montpellier.fr\/index.php\/wp-json\/wp\/v2\/pages"}],"about":[{"href":"https:\/\/www.fnath-montpellier.fr\/index.php\/wp-json\/wp\/v2\/types\/page"}],"author":[{"embeddable":true,"href":"https:\/\/www.fnath-montpellier.fr\/index.php\/wp-json\/wp\/v2\/users\/1"}],"replies":[{"embeddable":true,"href":"https:\/\/www.fnath-montpellier.fr\/index.php\/wp-json\/wp\/v2\/comments?post=509"}],"version-history":[{"count":5,"href":"https:\/\/www.fnath-montpellier.fr\/index.php\/wp-json\/wp\/v2\/pages\/509\/revisions"}],"predecessor-version":[{"id":663,"href":"https:\/\/www.fnath-montpellier.fr\/index.php\/wp-json\/wp\/v2\/pages\/509\/revisions\/663"}],"wp:attachment":[{"href":"https:\/\/www.fnath-montpellier.fr\/index.php\/wp-json\/wp\/v2\/media?parent=509"}],"curies":[{"name":"wp","href":"https:\/\/api.w.org\/{rel}","templated":true}]}}