{"id":713,"date":"2024-09-26T18:27:03","date_gmt":"2024-09-26T16:27:03","guid":{"rendered":"https:\/\/www.fnath-montpellier.fr\/?page_id=713"},"modified":"2024-09-26T18:27:03","modified_gmt":"2024-09-26T16:27:03","slug":"demande-aeeh","status":"publish","type":"page","link":"https:\/\/www.fnath-montpellier.fr\/index.php\/demande-aeeh\/","title":{"rendered":"Demande AEEH"},"content":{"rendered":"\n<p class=\"has-tertiary-color has-text-color has-link-color has-medium-font-size wp-elements-c3165d1c7d38b733ee306b3263b3bb4b\"><strong>Qu&rsquo;est-ce que l&rsquo;AEEH ?<\/strong><\/p>\n\n\n\n<p>L&rsquo;AEEH est l&rsquo;allocation \u00e9ducation enfant handicap\u00e9.<br>L&rsquo;AEEH est une somme d&rsquo;argent pour les parents qui ont un enfant handicap\u00e9.<\/p>\n\n\n<div class=\"wp-block-image\">\n<figure class=\"aligncenter size-full is-resized\"><img loading=\"lazy\" decoding=\"async\" width=\"1024\" height=\"355\" src=\"https:\/\/www.fnath-montpellier.fr\/wp-content\/uploads\/2024\/03\/image.png\" alt=\"\" class=\"wp-image-215\" style=\"width:125px\" srcset=\"https:\/\/www.fnath-montpellier.fr\/wp-content\/uploads\/2024\/03\/image.png 1024w, https:\/\/www.fnath-montpellier.fr\/wp-content\/uploads\/2024\/03\/image-300x104.png 300w, https:\/\/www.fnath-montpellier.fr\/wp-content\/uploads\/2024\/03\/image-768x266.png 768w\" sizes=\"auto, (max-width: 1024px) 100vw, 1024px\" \/><\/figure>\n<\/div>\n\n\n<p class=\"has-tertiary-color has-text-color has-link-color has-medium-font-size wp-elements-b686a31ed1bdd9fc59ee38e4542ff8a5\"><strong>Qui peut avoir l&rsquo;AEEH ?<\/strong><\/p>\n\n\n\n<p>Pour avoir l&rsquo;AEEH votre enfant doit :<\/p>\n\n\n\n<ul class=\"wp-block-list\">\n<li style=\"line-height:1.2\">avoir moins de 20 ans<\/li>\n\n\n\n<li style=\"line-height:1.2\">vivre en France<\/li>\n<\/ul>\n\n\n\n<p>Pour avoir l&rsquo;AEEH, votre enfant doit aussi :<\/p>\n\n\n\n<ul class=\"wp-block-list\">\n<li style=\"line-height:1.2\">soit avoir un taux d&rsquo;incapacit\u00e9 de 80% ou de plus de 80%<\/li>\n\n\n\n<li style=\"line-height:1.2\">soit avoir un taux d&rsquo;incapacit\u00e9 entre 50% et moins de 80% et avoir un besoin d&rsquo;accompagnement et de soins particuliers.<\/li>\n<\/ul>\n\n\n\n<p>Le taux d&rsquo;incapacit\u00e9 mesure les difficult\u00e9s de votre enfant dans la vie \u00e0 cause de son handicap.<\/p>\n\n\n\n<p>Votre enfant peut avoir un taux d\u2019incapacit\u00e9 de 80 % ou de plus de 80 % s\u2019il a besoin d\u2019aide tout le temps.<br>Par exemple, votre enfant a 12 ans.<br>Il a besoin d\u2019aide tout le temps pour se laver ou s\u2019habiller.<\/p>\n\n\n\n<p>Votre enfant peut avoir un taux d\u2019incapacit\u00e9 entre 50 % et moins de 80 % s\u2019il a besoin d\u2019aide pour faire certaines choses.<br>Par exemple, votre enfant a des difficult\u00e9s pour suivre les cours \u00e0 l\u2019\u00e9cole.<\/p>\n\n\n\n<p>Les professionnels de la MDPH disent quel est le taux d&rsquo;incapacit\u00e9 de votre enfant et vont regarder les difficult\u00e9s de votre enfant dans la vie.<\/p>\n\n\n\n<p>Par exemple , ses difficult\u00e9s pour :<\/p>\n\n\n\n<ul class=\"wp-block-list\">\n<li style=\"line-height:1.2\">se laver<\/li>\n\n\n\n<li style=\"line-height:1.2\">aller \u00e0 l&rsquo;\u00e9cole<\/li>\n<\/ul>\n\n\n<div class=\"wp-block-image\">\n<figure class=\"aligncenter size-full is-resized\"><img loading=\"lazy\" decoding=\"async\" width=\"1024\" height=\"355\" src=\"https:\/\/www.fnath-montpellier.fr\/wp-content\/uploads\/2024\/03\/image.png\" alt=\"\" class=\"wp-image-215\" style=\"width:125px\" srcset=\"https:\/\/www.fnath-montpellier.fr\/wp-content\/uploads\/2024\/03\/image.png 1024w, https:\/\/www.fnath-montpellier.fr\/wp-content\/uploads\/2024\/03\/image-300x104.png 300w, https:\/\/www.fnath-montpellier.fr\/wp-content\/uploads\/2024\/03\/image-768x266.png 768w\" sizes=\"auto, (max-width: 1024px) 100vw, 1024px\" \/><\/figure>\n<\/div>\n\n\n<p class=\"has-tertiary-color has-text-color has-link-color has-medium-font-size wp-elements-d9df08c5eb764eaf87f7aaa829e5c44d\"><strong>Comment est calcul\u00e9e l&rsquo;AEEH ?<\/strong><\/p>\n\n\n\n<p>La somme d&rsquo;argent donn\u00e9e pour l&rsquo;AEEH est la m\u00eame pour tout le monde. Mais un parent qui \u00e9l\u00e8ve seul son enfant handicap\u00e9 a une somme d&rsquo;argent plus grande parce qu&rsquo;il est tout seul.<\/p>\n\n\n<div class=\"wp-block-image\">\n<figure class=\"aligncenter size-full is-resized\"><img loading=\"lazy\" decoding=\"async\" width=\"1024\" height=\"355\" src=\"https:\/\/www.fnath-montpellier.fr\/wp-content\/uploads\/2024\/03\/image.png\" alt=\"\" class=\"wp-image-215\" style=\"width:125px\" srcset=\"https:\/\/www.fnath-montpellier.fr\/wp-content\/uploads\/2024\/03\/image.png 1024w, https:\/\/www.fnath-montpellier.fr\/wp-content\/uploads\/2024\/03\/image-300x104.png 300w, https:\/\/www.fnath-montpellier.fr\/wp-content\/uploads\/2024\/03\/image-768x266.png 768w\" sizes=\"auto, (max-width: 1024px) 100vw, 1024px\" \/><\/figure>\n<\/div>\n\n\n<p class=\"has-tertiary-color has-text-color has-link-color has-medium-font-size wp-elements-40583534cdfcb5a1585d3dc79eab6651\"><strong>Qu&rsquo;est-ce que le compl\u00e9ment \u00e0 l&rsquo;AEEH ? <\/strong><\/p>\n\n\n\n<p>Vous pouvez avoir une somme d\u2019argent en plus de l\u2019AEEH. On l\u2019appelle le compl\u00e9ment d\u2019AEEH.<br><br>Avoir le compl\u00e9ment d\u2019AEEH en plus de l\u2019AEEH n\u2019est pas automatique.<br><br>Vous pouvez avoir le compl\u00e9ment d\u2019AEEH si vous avez des d\u00e9penses suppl\u00e9mentaires \u00e0 cause du handicap de votre enfant.<br>Par exemple, votre enfant de 8 ans a besoin de couches \u00e0 cause de son handicap. Vous devez lui acheter des couches. Ce sont des d\u00e9penses suppl\u00e9mentaires. Dans ce cas, vous pouvez avoir le compl\u00e9ment d\u2019AEEH.<br><br>Par exemple, votre enfant de 8 ans a besoin d\u2019aide pour s\u2019habiller. Vous pouvez choisir de salarier une personne pour aider votre enfant. Vous pouvez aussi arr\u00eater de travailler ou travailler moins pour aider votre enfant. Par exemple, vous travaillez \u00e0 mi-temps pour aider votre enfant. Dans ce cas, vous pouvez avoir le compl\u00e9ment d\u2019AEEH.<\/p>\n\n\n\n<p>Vous pouvez aussi avoir le compl\u00e9ment d\u2019AEEH si vous avez des d\u00e9penses comme :<\/p>\n\n\n\n<ul class=\"wp-block-list\">\n<li style=\"line-height:1.2\">des soins non rembours\u00e9s par la s\u00e9curit\u00e9 sociale<\/li>\n\n\n\n<li style=\"line-height:1.2\">l\u2019achat de mat\u00e9riel pour le handicap de votre enfant. Par exemple, un fauteuil roulant.<\/li>\n\n\n\n<li style=\"line-height:1.2\">des am\u00e9nagements de votre logement. Par exemple, vous faites installer une chaise dans votre douche.<\/li>\n\n\n\n<li style=\"line-height:1.2\">des am\u00e9nagements de votre voiture. Par exemple, vous faites installer une rampe pour un fauteuil roulant.<\/li>\n\n\n\n<li style=\"line-height:1.2\">des frais pour les transports de votre enfant en lien avec son handicap. Par exemple, votre enfant utilise un service de transport adapt\u00e9 aux personnes handicap\u00e9es<\/li>\n<\/ul>\n\n\n<div class=\"wp-block-image\">\n<figure class=\"aligncenter size-full is-resized\"><img loading=\"lazy\" decoding=\"async\" width=\"1024\" height=\"355\" src=\"https:\/\/www.fnath-montpellier.fr\/wp-content\/uploads\/2024\/03\/image.png\" alt=\"\" class=\"wp-image-215\" style=\"width:125px\" srcset=\"https:\/\/www.fnath-montpellier.fr\/wp-content\/uploads\/2024\/03\/image.png 1024w, https:\/\/www.fnath-montpellier.fr\/wp-content\/uploads\/2024\/03\/image-300x104.png 300w, https:\/\/www.fnath-montpellier.fr\/wp-content\/uploads\/2024\/03\/image-768x266.png 768w\" sizes=\"auto, (max-width: 1024px) 100vw, 1024px\" \/><\/figure>\n<\/div>\n\n\n<p class=\"has-tertiary-color has-text-color has-link-color has-medium-font-size wp-elements-289a2a3763d41ee0fda944a219156c4d\"><strong>Comment est calcul\u00e9 le compl\u00e9ment de l&rsquo;AEEH ?<\/strong><\/p>\n\n\n\n<p>Le montant du compl\u00e9ment est calcul\u00e9 en fonction :<\/p>\n\n\n\n<ul class=\"wp-block-list\">\n<li style=\"line-height:1.2\">des d\u00e9penses que vous avez \u00e0 cause du handicap de votre enfant<\/li>\n\n\n\n<li style=\"line-height:1.2\">du temps que la personne que vous salariez passe \u00e0 aider votre enfant<\/li>\n\n\n\n<li style=\"line-height:1.2\">de votre temps de travail. Par exemple, si vous travaillez moins pour aider votre enfant vous aurez plus d\u2019argent.<\/li>\n<\/ul>\n\n\n<div class=\"wp-block-image\">\n<figure class=\"aligncenter size-full is-resized\"><img loading=\"lazy\" decoding=\"async\" width=\"1024\" height=\"355\" src=\"https:\/\/www.fnath-montpellier.fr\/wp-content\/uploads\/2024\/03\/image.png\" alt=\"\" class=\"wp-image-215\" style=\"width:125px\" srcset=\"https:\/\/www.fnath-montpellier.fr\/wp-content\/uploads\/2024\/03\/image.png 1024w, https:\/\/www.fnath-montpellier.fr\/wp-content\/uploads\/2024\/03\/image-300x104.png 300w, https:\/\/www.fnath-montpellier.fr\/wp-content\/uploads\/2024\/03\/image-768x266.png 768w\" sizes=\"auto, (max-width: 1024px) 100vw, 1024px\" \/><\/figure>\n<\/div>\n\n\n<p class=\"has-tertiary-color has-text-color has-link-color has-medium-font-size wp-elements-008e4620085a54203e03f416f34f2e5c\"><strong>Pour combien de temps l\u2019AEEH et le compl\u00e9ment d\u2019AEEH sont-ils donn\u00e9s ?<\/strong><\/p>\n\n\n\n<p><strong>Quand l\u2019enfant a un taux d\u2019incapacit\u00e9 de 80 % ou de plus de 80 %<\/strong><br>Lorsque l\u2019\u00e9tat de sant\u00e9 de l\u2019enfant ne va pas s\u2019am\u00e9liorer l\u2019AEEH est donn\u00e9e :<\/p>\n\n\n\n<ul class=\"wp-block-list\">\n<li style=\"line-height:1.2\">au minimum jusqu\u2019\u00e0 l\u2019\u00e2ge de 16 ans<\/li>\n\n\n\n<li style=\"line-height:1.2\">et au maximum jusqu\u2019\u00e0 l\u2019\u00e2ge de 20 ans.<\/li>\n<\/ul>\n\n\n\n<p>Lorsque l\u2019\u00e9tat de sant\u00e9 de l\u2019enfant ne va pas s\u2019am\u00e9liorer le compl\u00e9ment d\u2019AEEH est donn\u00e9 :<\/p>\n\n\n\n<ul class=\"wp-block-list\">\n<li style=\"line-height:1.2\">au minimum pour 3 ans<\/li>\n\n\n\n<li style=\"line-height:1.2\">et au maximum pour 5 ans.<\/li>\n<\/ul>\n\n\n\n<p>Lorsque l\u2019\u00e9tat de sant\u00e9 de l\u2019enfant peut s\u2019am\u00e9liorer l\u2019AEEH et le compl\u00e9ment d\u2019AEEH sont donn\u00e9s :<\/p>\n\n\n\n<ul class=\"wp-block-list\">\n<li style=\"line-height:1.2\">au minimum pour 3 ans<\/li>\n\n\n\n<li style=\"line-height:1.2\">et au maximum pour 5 ans.<\/li>\n<\/ul>\n\n\n\n<p><strong>Quand l\u2019enfant a un taux d\u2019incapacit\u00e9 compris entre 50 % et moins de 80 %<\/strong><br>L\u2019AEEH et le compl\u00e9ment d\u2019AEEH sont donn\u00e9s :<\/p>\n\n\n\n<ul class=\"wp-block-list\">\n<li style=\"line-height:1.2\">au minimum pour 2 ans<\/li>\n\n\n\n<li style=\"line-height:1.2\">et au maximum pour 5 ans<\/li>\n<\/ul>\n\n\n\n<p>Il faut penser \u00e0 refaire votre demande 6 mois avant la fin de la p\u00e9riode pour laquelle l\u2019AEEH ou le compl\u00e9ment vous ont \u00e9t\u00e9 donn\u00e9s.<br>Par exemple, l\u2019AEEH vous est donn\u00e9e pour 2 ans. Il faut refaire votre demande d\u2019AEEH au bout d\u2019un an et demi.<br>La nouvelle demande se passe comme une premi\u00e8re demande. Vous remplissez le formulaire et vous donnez des documents pour pr\u00e9senter un dossier complet \u00e0 la MDPH.<\/p>\n\n\n\n<p>Un dossier complet est un dossier dans lequel il ne manque aucun document. Renseignez vous aupr\u00e8s de vos interlocuteurs b\u00e9n\u00e9voles, ils sont l\u00e0 pour vous aider.<\/p>\n\n\n<div class=\"wp-block-image\">\n<figure class=\"aligncenter size-full is-resized\"><img loading=\"lazy\" decoding=\"async\" width=\"1024\" height=\"355\" src=\"https:\/\/www.fnath-montpellier.fr\/wp-content\/uploads\/2024\/03\/image.png\" alt=\"\" class=\"wp-image-215\" style=\"width:350px\" srcset=\"https:\/\/www.fnath-montpellier.fr\/wp-content\/uploads\/2024\/03\/image.png 1024w, https:\/\/www.fnath-montpellier.fr\/wp-content\/uploads\/2024\/03\/image-300x104.png 300w, https:\/\/www.fnath-montpellier.fr\/wp-content\/uploads\/2024\/03\/image-768x266.png 768w\" sizes=\"auto, (max-width: 1024px) 100vw, 1024px\" \/><\/figure>\n<\/div>\n\n\n<p><\/p>\n","protected":false},"excerpt":{"rendered":"<p>Qu&rsquo;est-ce que l&rsquo;AEEH ? L&rsquo;AEEH est l&rsquo;allocation \u00e9ducation enfant handicap\u00e9.L&rsquo;AEEH est une somme d&rsquo;argent pour les parents qui ont un<\/p>\n","protected":false},"author":1,"featured_media":0,"parent":0,"menu_order":0,"comment_status":"closed","ping_status":"closed","template":"","meta":{"footnotes":""},"class_list":["post-713","page","type-page","status-publish","hentry","comments-off"],"_links":{"self":[{"href":"https:\/\/www.fnath-montpellier.fr\/index.php\/wp-json\/wp\/v2\/pages\/713","targetHints":{"allow":["GET"]}}],"collection":[{"href":"https:\/\/www.fnath-montpellier.fr\/index.php\/wp-json\/wp\/v2\/pages"}],"about":[{"href":"https:\/\/www.fnath-montpellier.fr\/index.php\/wp-json\/wp\/v2\/types\/page"}],"author":[{"embeddable":true,"href":"https:\/\/www.fnath-montpellier.fr\/index.php\/wp-json\/wp\/v2\/users\/1"}],"replies":[{"embeddable":true,"href":"https:\/\/www.fnath-montpellier.fr\/index.php\/wp-json\/wp\/v2\/comments?post=713"}],"version-history":[{"count":4,"href":"https:\/\/www.fnath-montpellier.fr\/index.php\/wp-json\/wp\/v2\/pages\/713\/revisions"}],"predecessor-version":[{"id":718,"href":"https:\/\/www.fnath-montpellier.fr\/index.php\/wp-json\/wp\/v2\/pages\/713\/revisions\/718"}],"wp:attachment":[{"href":"https:\/\/www.fnath-montpellier.fr\/index.php\/wp-json\/wp\/v2\/media?parent=713"}],"curies":[{"name":"wp","href":"https:\/\/api.w.org\/{rel}","templated":true}]}}