{"id":78,"date":"2024-03-11T09:56:02","date_gmt":"2024-03-11T08:56:02","guid":{"rendered":"https:\/\/www.fnath-montpellier.fr\/?page_id=78"},"modified":"2026-03-28T12:31:34","modified_gmt":"2026-03-28T11:31:34","slug":"liens","status":"publish","type":"page","link":"https:\/\/www.fnath-montpellier.fr\/index.php\/liens\/","title":{"rendered":"Liens"},"content":{"rendered":"\n<div class=\"wp-block-media-text is-stacked-on-mobile\" style=\"grid-template-columns:15% auto\"><figure class=\"wp-block-media-text__media\"><img loading=\"lazy\" decoding=\"async\" width=\"139\" height=\"140\" src=\"https:\/\/www.fnath-montpellier.fr\/wp-content\/uploads\/2026\/03\/logo-FNATH-140.jpg\" alt=\"\" class=\"wp-image-890 size-full\"\/><\/figure><div class=\"wp-block-media-text__content\">\n<p>Si vous souhaitez figurer sur cette liste de liens, merci de nous envoyer le lien et vos coordonn\u00e9es \u00e0 l&rsquo;adresse du site <a href=\"mailto:contact@fnath-montpellier.fr\">contact@fnath-montpellier.fr<\/a><\/p>\n<\/div><\/div>\n\n\n\n<h2 class=\"wp-block-heading has-medium-font-size\">Liste des liens FNATH<\/h2>\n\n\n\n<p style=\"line-height:2.1\"><strong><a href=\"http:\/\/www.fnath.org\" data-type=\"link\" data-id=\"http:\/\/www.fnath.org\">Site de la F\u00e9d\u00e9ration Nationale des Accident\u00e9s du Travail et des Handicap\u00e9s<\/a><\/strong><br><strong><a href=\"https:\/\/www.fnath.org\/groupements\/30-gard\/\" data-type=\"link\" data-id=\"https:\/\/www.fnath.org\/groupements\/30-gard\/\">Site du Groupement Interd\u00e9partemental Gard et H\u00e9rault<\/a><\/strong><br><strong><a href=\"https:\/\/www.facebook.com\/profile.php?id=100067569871117\" data-type=\"link\" data-id=\"https:\/\/www.facebook.com\/profile.php?id=100067569871117\">Compte Facebook de la Section Montpellier-Centre H\u00e9rault<\/a><\/strong><\/p>\n\n\n<div class=\"wp-block-image\">\n<figure class=\"aligncenter size-full is-resized\"><img loading=\"lazy\" decoding=\"async\" width=\"1024\" height=\"355\" src=\"https:\/\/www.fnath-montpellier.fr\/wp-content\/uploads\/2024\/03\/image.png\" alt=\"\" class=\"wp-image-215\" style=\"width:115px\" srcset=\"https:\/\/www.fnath-montpellier.fr\/wp-content\/uploads\/2024\/03\/image.png 1024w, https:\/\/www.fnath-montpellier.fr\/wp-content\/uploads\/2024\/03\/image-300x104.png 300w, https:\/\/www.fnath-montpellier.fr\/wp-content\/uploads\/2024\/03\/image-768x266.png 768w\" sizes=\"auto, (max-width: 1024px) 100vw, 1024px\" \/><\/figure>\n<\/div>\n\n\n<p style=\"line-height:2.1\"><strong>Liste des liens Partenaires<\/strong><br><strong><a href=\"https:\/\/lannuaire.service-public.fr\/occitanie\/herault\/81c8d0d9-31aa-4af0-a2f1-806412975fa2\" data-type=\"link\" data-id=\"https:\/\/lannuaire.service-public.fr\/occitanie\/herault\/688680f7-6b3c-48f4-bb8d-36e224854a5a\">France Service Montpellier<\/a><\/strong><br><a href=\"https:\/\/lannuaire.service-public.fr\/occitanie\/herault\/2fc2b512-ab80-4c71-b2d1-e305ecda3dae\" data-type=\"link\" data-id=\"https:\/\/lannuaire.service-public.fr\/occitanie\/herault\/2fc2b512-ab80-4c71-b2d1-e305ecda3dae\"><strong>France Service Montpellier &#8211; Joseph Ricome<\/strong><\/a><br><a href=\"https:\/\/lannuaire.service-public.fr\/occitanie\/herault\/c19b3158-5f09-4b7c-b7ed-848ba68a0e4d\" data-type=\"link\" data-id=\"https:\/\/lannuaire.service-public.fr\/occitanie\/herault\/c19b3158-5f09-4b7c-b7ed-848ba68a0e4d\"><strong>France Service Montpellier &#8211; Georges Brassens<\/strong><\/a><br><a href=\"https:\/\/lannuaire.service-public.fr\/occitanie\/herault\/20946d1b-763a-43c1-9fd3-a818dbd73fd5\" data-type=\"link\" data-id=\"https:\/\/lannuaire.service-public.fr\/occitanie\/herault\/20946d1b-763a-43c1-9fd3-a818dbd73fd5\"><strong>France Service Montpellier &#8211; Alco<\/strong><\/a><br><strong><a href=\"https:\/\/lannuaire.service-public.fr\/occitanie\/herault\/38ea1e0f-ba56-4d4f-bed4-353bb23dedd8\" data-type=\"link\" data-id=\"https:\/\/lannuaire.service-public.fr\/occitanie\/herault\/38ea1e0f-ba56-4d4f-bed4-353bb23dedd8\">France Service Frontignan<\/a><\/strong><br><strong><a href=\"https:\/\/lannuaire.service-public.fr\/occitanie\/herault\/aa321761-15c0-4867-9a94-2c3e36341042\" data-type=\"link\" data-id=\"https:\/\/lannuaire.service-public.fr\/occitanie\/herault\/aa321761-15c0-4867-9a94-2c3e36341042\">France Service Lod\u00e8ve<\/a><\/strong><br><strong><a href=\"https:\/\/lannuaire.service-public.fr\/occitanie\/herault\/ce2ffb0d-a99a-4e01-84c7-a71eb8a4289c\" data-type=\"link\" data-id=\"https:\/\/lannuaire.service-public.fr\/occitanie\/herault\/ce2ffb0d-a99a-4e01-84c7-a71eb8a4289c\">France Service Lunel<\/a><\/strong><br><strong><a href=\"https:\/\/lannuaire.service-public.fr\/occitanie\/herault\/f454d4c6-1850-4756-8ef4-b86f5b3d49bf\" data-type=\"link\" data-id=\"https:\/\/lannuaire.service-public.fr\/occitanie\/herault\/f454d4c6-1850-4756-8ef4-b86f5b3d49bf\">France Service S\u00e8te<\/a><\/strong><\/p>\n\n\n<div class=\"wp-block-image\">\n<figure class=\"aligncenter size-full is-resized\"><img loading=\"lazy\" decoding=\"async\" width=\"1024\" height=\"355\" src=\"https:\/\/www.fnath-montpellier.fr\/wp-content\/uploads\/2024\/03\/image.png\" alt=\"\" class=\"wp-image-215\" style=\"width:115px\" srcset=\"https:\/\/www.fnath-montpellier.fr\/wp-content\/uploads\/2024\/03\/image.png 1024w, https:\/\/www.fnath-montpellier.fr\/wp-content\/uploads\/2024\/03\/image-300x104.png 300w, https:\/\/www.fnath-montpellier.fr\/wp-content\/uploads\/2024\/03\/image-768x266.png 768w\" sizes=\"auto, (max-width: 1024px) 100vw, 1024px\" \/><\/figure>\n<\/div>\n\n\n<p><strong>Liste des liens Utiles<\/strong><br><strong><a href=\"https:\/\/www.monparcourshandicap.gouv.fr\/facile-lire-et-comprendre\" data-type=\"link\" data-id=\"https:\/\/www.monparcourshandicap.gouv.fr\/facile-lire-et-comprendre\">Mon Parcours Handicap :<\/a> <\/strong>site du gouvernement<br><a href=\"http:\/\/www.halte-pouce.fr\" data-type=\"link\" data-id=\"http:\/\/www.halte-pouce.fr\"><strong>Halte Pouce :<\/strong><\/a> le handicap au quotidien, du r\u00e9pit pour les familles concern\u00e9es<br><a href=\"https:\/\/soliguide.fr\/fr\" data-type=\"link\" data-id=\"https:\/\/soliguide.fr\/fr\"><strong>Site Soliguide <\/strong>: <\/a>rassemblement de tous les services d&rsquo;aide aux personnes<br><br><\/p>\n\n\n<div class=\"wp-block-image\">\n<figure class=\"aligncenter size-full is-resized\"><img loading=\"lazy\" decoding=\"async\" width=\"1024\" height=\"355\" src=\"https:\/\/www.fnath-montpellier.fr\/wp-content\/uploads\/2024\/03\/image.png\" alt=\"\" class=\"wp-image-215\" style=\"width:115px\" srcset=\"https:\/\/www.fnath-montpellier.fr\/wp-content\/uploads\/2024\/03\/image.png 1024w, https:\/\/www.fnath-montpellier.fr\/wp-content\/uploads\/2024\/03\/image-300x104.png 300w, https:\/\/www.fnath-montpellier.fr\/wp-content\/uploads\/2024\/03\/image-768x266.png 768w\" sizes=\"auto, (max-width: 1024px) 100vw, 1024px\" \/><\/figure>\n<\/div>\n\n\n<p class=\"has-medium-font-size\"><strong>Liste des liens Amis<\/strong><\/p>\n\n\n\n<p><strong><a href=\"https:\/\/www.facebook.com\/profile.php?id=100073793402848\" data-type=\"link\" data-id=\"https:\/\/www.facebook.com\/profile.php?id=100073793402848\">Compte Facebook de la Section de Lunel<\/a><\/strong><br><\/p>\n\n\n\n<p>Si vous souhaitez figurer sur cette liste de liens, merci de nous envoyer le lien et vos coordonn\u00e9es \u00e0 l&rsquo;adresse du site <a href=\"mailto:contact@fnath-montpellier.fr\">contact@fnath-montpellier.fr<\/a><\/p>\n\n\n<div class=\"wp-block-image\">\n<figure class=\"aligncenter size-large is-resized\"><img loading=\"lazy\" decoding=\"async\" width=\"1024\" height=\"355\" src=\"https:\/\/www.fnath-montpellier.fr\/wp-content\/uploads\/2024\/03\/picto-horizontal-1024x355.png\" alt=\"\" class=\"wp-image-151\" style=\"width:375px\" srcset=\"https:\/\/www.fnath-montpellier.fr\/wp-content\/uploads\/2024\/03\/picto-horizontal-1024x355.png 1024w, https:\/\/www.fnath-montpellier.fr\/wp-content\/uploads\/2024\/03\/picto-horizontal-300x104.png 300w, https:\/\/www.fnath-montpellier.fr\/wp-content\/uploads\/2024\/03\/picto-horizontal-768x266.png 768w, https:\/\/www.fnath-montpellier.fr\/wp-content\/uploads\/2024\/03\/picto-horizontal-1536x532.png 1536w, https:\/\/www.fnath-montpellier.fr\/wp-content\/uploads\/2024\/03\/picto-horizontal.png 2048w\" sizes=\"auto, (max-width: 1024px) 100vw, 1024px\" \/><\/figure>\n<\/div>","protected":false},"excerpt":{"rendered":"<p>Si vous souhaitez figurer sur cette liste de liens, merci de nous envoyer le lien et vos coordonn\u00e9es \u00e0 l&rsquo;adresse<\/p>\n","protected":false},"author":1,"featured_media":0,"parent":0,"menu_order":0,"comment_status":"closed","ping_status":"closed","template":"","meta":{"footnotes":""},"class_list":["post-78","page","type-page","status-publish","hentry","comments-off"],"_links":{"self":[{"href":"https:\/\/www.fnath-montpellier.fr\/index.php\/wp-json\/wp\/v2\/pages\/78","targetHints":{"allow":["GET"]}}],"collection":[{"href":"https:\/\/www.fnath-montpellier.fr\/index.php\/wp-json\/wp\/v2\/pages"}],"about":[{"href":"https:\/\/www.fnath-montpellier.fr\/index.php\/wp-json\/wp\/v2\/types\/page"}],"author":[{"embeddable":true,"href":"https:\/\/www.fnath-montpellier.fr\/index.php\/wp-json\/wp\/v2\/users\/1"}],"replies":[{"embeddable":true,"href":"https:\/\/www.fnath-montpellier.fr\/index.php\/wp-json\/wp\/v2\/comments?post=78"}],"version-history":[{"count":32,"href":"https:\/\/www.fnath-montpellier.fr\/index.php\/wp-json\/wp\/v2\/pages\/78\/revisions"}],"predecessor-version":[{"id":892,"href":"https:\/\/www.fnath-montpellier.fr\/index.php\/wp-json\/wp\/v2\/pages\/78\/revisions\/892"}],"wp:attachment":[{"href":"https:\/\/www.fnath-montpellier.fr\/index.php\/wp-json\/wp\/v2\/media?parent=78"}],"curies":[{"name":"wp","href":"https:\/\/api.w.org\/{rel}","templated":true}]}}